{"id":9788,"date":"2023-06-01T08:16:53","date_gmt":"2023-06-01T08:16:53","guid":{"rendered":"https:\/\/yusetoken.io\/?page_id=9788"},"modified":"2023-07-07T13:21:36","modified_gmt":"2023-07-07T13:21:36","slug":"dubai","status":"publish","type":"page","link":"https:\/\/yusetoken.io\/fr\/events\/dubai\/","title":{"rendered":"Dubai"},"content":{"rendered":"<div data-elementor-type=\"wp-page\" data-elementor-id=\"9788\" class=\"elementor elementor-9788\">\n\t\t\t\t\t\t<section class=\"elementor-section elementor-top-section elementor-element elementor-element-5484c77 elementor-section-stretched elementor-section-content-middle elementor-section-boxed elementor-section-height-default elementor-section-height-default\" data-id=\"5484c77\" data-element_type=\"section\" data-settings=\"{&quot;stretch_section&quot;:&quot;section-stretched&quot;}\">\n\t\t\t\t\t\t<div class=\"elementor-container elementor-column-gap-no\">\n\t\t\t\t\t<div class=\"elementor-column elementor-col-50 elementor-top-column elementor-element elementor-element-878b594\" data-id=\"878b594\" data-element_type=\"column\">\n\t\t\t<div class=\"elementor-widget-wrap elementor-element-populated\">\n\t\t\t\t\t\t<div class=\"elementor-element elementor-element-be552ff elementor-widget elementor-widget-image\" data-id=\"be552ff\" data-element_type=\"widget\" data-widget_type=\"image.default\">\n\t\t\t\t<div class=\"elementor-widget-container\">\n\t\t\t\t\t\t\t\t\t\t\t\t\t<img fetchpriority=\"high\" decoding=\"async\" width=\"1024\" height=\"1024\" src=\"https:\/\/yusetoken.io\/wp-content\/uploads\/2023\/07\/MetaVsummit-2022-Yuse.jpg\" class=\"attachment-full size-full wp-image-10184\" alt=\"\" srcset=\"https:\/\/yusetoken.io\/wp-content\/uploads\/2023\/07\/MetaVsummit-2022-Yuse.jpg 1024w, https:\/\/yusetoken.io\/wp-content\/uploads\/2023\/07\/MetaVsummit-2022-Yuse-300x300.jpg 300w, https:\/\/yusetoken.io\/wp-content\/uploads\/2023\/07\/MetaVsummit-2022-Yuse-150x150.jpg 150w, https:\/\/yusetoken.io\/wp-content\/uploads\/2023\/07\/MetaVsummit-2022-Yuse-768x768.jpg 768w, https:\/\/yusetoken.io\/wp-content\/uploads\/2023\/07\/MetaVsummit-2022-Yuse-12x12.jpg 12w\" sizes=\"(max-width: 1024px) 100vw, 1024px\" \/>\t\t\t\t\t\t\t\t\t\t\t\t\t<\/div>\n\t\t\t\t<\/div>\n\t\t\t\t\t<\/div>\n\t\t<\/div>\n\t\t\t\t<div class=\"elementor-column elementor-col-50 elementor-top-column elementor-element elementor-element-3b4de31\" data-id=\"3b4de31\" data-element_type=\"column\">\n\t\t\t<div class=\"elementor-widget-wrap elementor-element-populated\">\n\t\t\t\t\t\t<div class=\"elementor-element elementor-element-e2ce571 elementor-widget elementor-widget-heading\" data-id=\"e2ce571\" data-element_type=\"widget\" data-widget_type=\"heading.default\">\n\t\t\t\t<div class=\"elementor-widget-container\">\n\t\t\t<h2 class=\"elementor-heading-title elementor-size-default\">M\u00e9tavsommet 2022, Duba\u00ef<\/h2>\t\t<\/div>\n\t\t\t\t<\/div>\n\t\t\t\t<div class=\"elementor-element elementor-element-c6e6023 animated-slow elementor-invisible elementor-widget elementor-widget-text-editor\" data-id=\"c6e6023\" data-element_type=\"widget\" data-settings=\"{&quot;_animation&quot;:&quot;fadeInUp&quot;,&quot;_animation_delay&quot;:140}\" data-widget_type=\"text-editor.default\">\n\t\t\t\t<div class=\"elementor-widget-container\">\n\t\t\t\t\t\t\t<p>Pour responsabiliser la communaut\u00e9 Web 3 et inciter les gens \u00e0 embrasser la puissance de la crypto-monnaie, YUSE a organis\u00e9 un \u00e9v\u00e9nement de lancement de produit florissant de l&#039;\u00e9cosyst\u00e8me YUSE \u00e0 Mumbai.\u00a0<span style=\"color: var( --e-global-color-text ); font-family: var( --e-global-typography-text-font-family ), Sans-serif; font-weight: var( --e-global-typography-text-font-weight );\">La communaut\u00e9 Web3 \u00e0 travers l&#039;Inde s&#039;est pr\u00e9cipit\u00e9e \u00e0 Mumbai pour assister au jeton multi-utilitaire \u00e9mergent, d\u00e9cern\u00e9 au Parlement de Londres en 2022.<\/span><\/p><p><span style=\"color: var( --e-global-color-text ); font-family: var( --e-global-typography-text-font-family ), Sans-serif; font-weight: var( --e-global-typography-text-font-weight );\">Les visiteurs et les Yuusers ont eu une opportunit\u00e9 incroyable de rencontrer la direction de YUSE, d&#039;acqu\u00e9rir une exp\u00e9rience pratique avec les produits innovants et d&#039;apprendre la vision et l&#039;avenir de la crypto-monnaie et de la blockchain.<\/span><\/p><p><span style=\"color: var( --e-global-color-text ); font-family: var( --e-global-typography-text-font-family ), Sans-serif; font-weight: var( --e-global-typography-text-font-weight );\">Date \u2013 14-15 septembre 2022<\/span><\/p><p>Lieu \u2013 Boulevard Hotel Downtown Dubai, EAU<\/p>\t\t\t\t\t\t<\/div>\n\t\t\t\t<\/div>\n\t\t\t\t\t<\/div>\n\t\t<\/div>\n\t\t\t\t\t<\/div>\n\t\t<\/section>\n\t\t\t\t<section class=\"elementor-section elementor-top-section elementor-element elementor-element-5b903360 elementor-section-full_width elementor-section-height-min-height elementor-section-stretched elementor-section-height-default elementor-section-items-middle\" data-id=\"5b903360\" data-element_type=\"section\" data-settings=\"{&quot;stretch_section&quot;:&quot;section-stretched&quot;}\">\n\t\t\t\t\t\t<div class=\"elementor-container elementor-column-gap-custom\">\n\t\t\t\t\t<div class=\"elementor-column elementor-col-25 elementor-top-column elementor-element elementor-element-7a3b4bb1\" data-id=\"7a3b4bb1\" data-element_type=\"column\">\n\t\t\t<div class=\"elementor-widget-wrap elementor-element-populated\">\n\t\t\t\t\t\t<div class=\"elementor-element elementor-element-382a7ed4 elementor-widget elementor-widget-image\" data-id=\"382a7ed4\" data-element_type=\"widget\" data-widget_type=\"image.default\">\n\t\t\t\t<div class=\"elementor-widget-container\">\n\t\t\t\t\t\t\t\t\t\t\t\t\t\t<a href=\"https:\/\/yusetoken.io\/wp-content\/uploads\/2023\/06\/Yuse-in-Metavsummit-Dubai.jpeg\" data-elementor-open-lightbox=\"yes\" data-elementor-lightbox-title=\"Yuse in Metavsummit Dubai\" data-e-action-hash=\"#elementor-action%3Aaction%3Dlightbox%26settings%3DeyJpZCI6OTkwMiwidXJsIjoiaHR0cHM6XC9cL3l1c2V0b2tlbi5pb1wvd3AtY29udGVudFwvdXBsb2Fkc1wvMjAyM1wvMDZcL1l1c2UtaW4tTWV0YXZzdW1taXQtRHViYWkuanBlZyJ9\">\n\t\t\t\t\t\t\t<img decoding=\"async\" width=\"1024\" height=\"682\" src=\"https:\/\/yusetoken.io\/wp-content\/uploads\/2023\/06\/Yuse-in-Metavsummit-Dubai.jpeg\" class=\"attachment-full size-full wp-image-9902\" alt=\"\" srcset=\"https:\/\/yusetoken.io\/wp-content\/uploads\/2023\/06\/Yuse-in-Metavsummit-Dubai.jpeg 1024w, https:\/\/yusetoken.io\/wp-content\/uploads\/2023\/06\/Yuse-in-Metavsummit-Dubai-300x200.jpeg 300w, https:\/\/yusetoken.io\/wp-content\/uploads\/2023\/06\/Yuse-in-Metavsummit-Dubai-768x512.jpeg 768w, https:\/\/yusetoken.io\/wp-content\/uploads\/2023\/06\/Yuse-in-Metavsummit-Dubai-18x12.jpeg 18w\" sizes=\"(max-width: 1024px) 100vw, 1024px\" \/>\t\t\t\t\t\t\t\t<\/a>\n\t\t\t\t\t\t\t\t\t\t\t\t\t<\/div>\n\t\t\t\t<\/div>\n\t\t\t\t<section class=\"elementor-section elementor-inner-section elementor-element elementor-element-5bee5440 elementor-section-height-min-height elementor-section-boxed elementor-section-height-default\" data-id=\"5bee5440\" data-element_type=\"section\">\n\t\t\t\t\t\t<div class=\"elementor-container elementor-column-gap-no\">\n\t\t\t\t\t<div class=\"elementor-column elementor-col-100 elementor-inner-column elementor-element elementor-element-646b014e frostedglass\" data-id=\"646b014e\" data-element_type=\"column\" data-settings=\"{&quot;background_background&quot;:&quot;gradient&quot;}\">\n\t\t\t<div class=\"elementor-widget-wrap elementor-element-populated\">\n\t\t\t\t\t\t<div class=\"elementor-element elementor-element-8ddde75 elementor-view-default elementor-widget elementor-widget-icon\" data-id=\"8ddde75\" data-element_type=\"widget\" data-widget_type=\"icon.default\">\n\t\t\t\t<div class=\"elementor-widget-container\">\n\t\t\t\t\t<div class=\"elementor-icon-wrapper\">\n\t\t\t<div class=\"elementor-icon\">\n\t\t\t<i aria-hidden=\"true\" class=\"icon icon-diamond1\"><\/i>\t\t\t<\/div>\n\t\t<\/div>\n\t\t\t\t<\/div>\n\t\t\t\t<\/div>\n\t\t\t\t<div class=\"elementor-element elementor-element-209b19a0 elementor-widget elementor-widget-text-editor\" data-id=\"209b19a0\" data-element_type=\"widget\" data-widget_type=\"text-editor.default\">\n\t\t\t\t<div class=\"elementor-widget-container\">\n\t\t\t\t\t\t\tSponsor Diamant au Meta V Summit\t\t\t\t\t\t<\/div>\n\t\t\t\t<\/div>\n\t\t\t\t\t<\/div>\n\t\t<\/div>\n\t\t\t\t\t<\/div>\n\t\t<\/section>\n\t\t\t\t\t<\/div>\n\t\t<\/div>\n\t\t\t\t<div class=\"elementor-column elementor-col-25 elementor-top-column elementor-element elementor-element-56c996b3\" data-id=\"56c996b3\" data-element_type=\"column\">\n\t\t\t<div class=\"elementor-widget-wrap elementor-element-populated\">\n\t\t\t\t\t\t<div class=\"elementor-element elementor-element-7177d5a5 elementor-widget elementor-widget-image\" data-id=\"7177d5a5\" data-element_type=\"widget\" data-widget_type=\"image.default\">\n\t\t\t\t<div class=\"elementor-widget-container\">\n\t\t\t\t\t\t\t\t\t\t\t\t\t\t<a href=\"https:\/\/yusetoken.io\/wp-content\/uploads\/2023\/06\/Umesh-Pandey-Representing-Yuse.jpeg\" data-elementor-open-lightbox=\"yes\" data-elementor-lightbox-title=\"Umesh Pandey Representing Yuse\" data-e-action-hash=\"#elementor-action%3Aaction%3Dlightbox%26settings%3DeyJpZCI6OTkwNCwidXJsIjoiaHR0cHM6XC9cL3l1c2V0b2tlbi5pb1wvd3AtY29udGVudFwvdXBsb2Fkc1wvMjAyM1wvMDZcL1VtZXNoLVBhbmRleS1SZXByZXNlbnRpbmctWXVzZS5qcGVnIn0%3D\">\n\t\t\t\t\t\t\t<img decoding=\"async\" width=\"1024\" height=\"682\" src=\"https:\/\/yusetoken.io\/wp-content\/uploads\/2023\/06\/Umesh-Pandey-Representing-Yuse.jpeg\" class=\"attachment-full size-full wp-image-9904\" alt=\"\" srcset=\"https:\/\/yusetoken.io\/wp-content\/uploads\/2023\/06\/Umesh-Pandey-Representing-Yuse.jpeg 1024w, https:\/\/yusetoken.io\/wp-content\/uploads\/2023\/06\/Umesh-Pandey-Representing-Yuse-300x200.jpeg 300w, https:\/\/yusetoken.io\/wp-content\/uploads\/2023\/06\/Umesh-Pandey-Representing-Yuse-768x512.jpeg 768w, https:\/\/yusetoken.io\/wp-content\/uploads\/2023\/06\/Umesh-Pandey-Representing-Yuse-18x12.jpeg 18w\" sizes=\"(max-width: 1024px) 100vw, 1024px\" \/>\t\t\t\t\t\t\t\t<\/a>\n\t\t\t\t\t\t\t\t\t\t\t\t\t<\/div>\n\t\t\t\t<\/div>\n\t\t\t\t\t<\/div>\n\t\t<\/div>\n\t\t\t\t<div class=\"elementor-column elementor-col-25 elementor-top-column elementor-element elementor-element-50e3d189\" data-id=\"50e3d189\" data-element_type=\"column\">\n\t\t\t<div class=\"elementor-widget-wrap elementor-element-populated\">\n\t\t\t\t\t\t<section class=\"elementor-section elementor-inner-section elementor-element elementor-element-286473d8 elementor-section-height-min-height elementor-section-boxed elementor-section-height-default\" data-id=\"286473d8\" data-element_type=\"section\">\n\t\t\t\t\t\t<div class=\"elementor-container elementor-column-gap-no\">\n\t\t\t\t\t<div class=\"elementor-column elementor-col-100 elementor-inner-column elementor-element elementor-element-23cf0dde frostedglass\" data-id=\"23cf0dde\" data-element_type=\"column\" data-settings=\"{&quot;background_background&quot;:&quot;gradient&quot;}\">\n\t\t\t<div class=\"elementor-widget-wrap elementor-element-populated\">\n\t\t\t\t\t\t<div class=\"elementor-element elementor-element-20e225e elementor-view-default elementor-widget elementor-widget-icon\" data-id=\"20e225e\" data-element_type=\"widget\" data-widget_type=\"icon.default\">\n\t\t\t\t<div class=\"elementor-widget-container\">\n\t\t\t\t\t<div class=\"elementor-icon-wrapper\">\n\t\t\t<div class=\"elementor-icon\">\n\t\t\t<i aria-hidden=\"true\" class=\"icon icon-thumbs-up\"><\/i>\t\t\t<\/div>\n\t\t<\/div>\n\t\t\t\t<\/div>\n\t\t\t\t<\/div>\n\t\t\t\t<div class=\"elementor-element elementor-element-e70a0d0 elementor-widget elementor-widget-text-editor\" data-id=\"e70a0d0\" data-element_type=\"widget\" data-widget_type=\"text-editor.default\">\n\t\t\t\t<div class=\"elementor-widget-container\">\n\t\t\t\t\t\t\tLivr\u00e9 l&#039;\u00e9cosyst\u00e8me YUSE aux professionnels estim\u00e9s\t\t\t\t\t\t<\/div>\n\t\t\t\t<\/div>\n\t\t\t\t\t<\/div>\n\t\t<\/div>\n\t\t\t\t\t<\/div>\n\t\t<\/section>\n\t\t\t\t<div class=\"elementor-element elementor-element-3036c361 elementor-widget elementor-widget-image\" data-id=\"3036c361\" data-element_type=\"widget\" data-widget_type=\"image.default\">\n\t\t\t\t<div class=\"elementor-widget-container\">\n\t\t\t\t\t\t\t\t\t\t\t\t\t<img loading=\"lazy\" decoding=\"async\" width=\"765\" height=\"625\" src=\"https:\/\/yusetoken.io\/wp-content\/uploads\/2023\/06\/Yuse-Dubai.jpeg\" class=\"attachment-full size-full wp-image-9905\" alt=\"\" srcset=\"https:\/\/yusetoken.io\/wp-content\/uploads\/2023\/06\/Yuse-Dubai.jpeg 765w, https:\/\/yusetoken.io\/wp-content\/uploads\/2023\/06\/Yuse-Dubai-300x245.jpeg 300w, https:\/\/yusetoken.io\/wp-content\/uploads\/2023\/06\/Yuse-Dubai-15x12.jpeg 15w\" sizes=\"(max-width: 765px) 100vw, 765px\" \/>\t\t\t\t\t\t\t\t\t\t\t\t\t<\/div>\n\t\t\t\t<\/div>\n\t\t\t\t\t<\/div>\n\t\t<\/div>\n\t\t\t\t<div class=\"elementor-column elementor-col-25 elementor-top-column elementor-element elementor-element-11ae59d6\" data-id=\"11ae59d6\" data-element_type=\"column\">\n\t\t\t<div class=\"elementor-widget-wrap elementor-element-populated\">\n\t\t\t\t\t\t<div class=\"elementor-element elementor-element-f52193a elementor-widget elementor-widget-image\" data-id=\"f52193a\" data-element_type=\"widget\" data-widget_type=\"image.default\">\n\t\t\t\t<div class=\"elementor-widget-container\">\n\t\t\t\t\t\t\t\t\t\t\t\t\t<img loading=\"lazy\" decoding=\"async\" width=\"768\" height=\"1024\" src=\"https:\/\/yusetoken.io\/wp-content\/uploads\/2023\/06\/Metavsummit-Dubai-Yuse-team.jpeg\" class=\"attachment-full size-full wp-image-9906\" alt=\"\" srcset=\"https:\/\/yusetoken.io\/wp-content\/uploads\/2023\/06\/Metavsummit-Dubai-Yuse-team.jpeg 768w, https:\/\/yusetoken.io\/wp-content\/uploads\/2023\/06\/Metavsummit-Dubai-Yuse-team-225x300.jpeg 225w, https:\/\/yusetoken.io\/wp-content\/uploads\/2023\/06\/Metavsummit-Dubai-Yuse-team-9x12.jpeg 9w\" sizes=\"(max-width: 768px) 100vw, 768px\" \/>\t\t\t\t\t\t\t\t\t\t\t\t\t<\/div>\n\t\t\t\t<\/div>\n\t\t\t\t\t<\/div>\n\t\t<\/div>\n\t\t\t\t\t<\/div>\n\t\t<\/section>\n\t\t\t\t<section class=\"elementor-section elementor-top-section elementor-element elementor-element-747f9c6 elementor-section-full_width elementor-section-height-min-height elementor-section-stretched elementor-section-height-default elementor-section-items-middle\" data-id=\"747f9c6\" data-element_type=\"section\" data-settings=\"{&quot;stretch_section&quot;:&quot;section-stretched&quot;}\">\n\t\t\t\t\t\t<div class=\"elementor-container elementor-column-gap-custom\">\n\t\t\t\t\t<div class=\"elementor-column elementor-col-25 elementor-top-column elementor-element elementor-element-019ef63\" data-id=\"019ef63\" data-element_type=\"column\">\n\t\t\t<div class=\"elementor-widget-wrap elementor-element-populated\">\n\t\t\t\t\t\t<div class=\"elementor-element elementor-element-dfbfdd5 elementor-widget-tablet__width-initial elementor-widget elementor-widget-image\" data-id=\"dfbfdd5\" data-element_type=\"widget\" data-widget_type=\"image.default\">\n\t\t\t\t<div class=\"elementor-widget-container\">\n\t\t\t\t\t\t\t\t\t\t\t\t\t<img loading=\"lazy\" decoding=\"async\" width=\"1600\" height=\"720\" src=\"https:\/\/yusetoken.io\/wp-content\/uploads\/2023\/07\/Yuse-in-Dubai.jpg\" class=\"attachment-full size-full wp-image-10172\" alt=\"\" srcset=\"https:\/\/yusetoken.io\/wp-content\/uploads\/2023\/07\/Yuse-in-Dubai.jpg 1600w, https:\/\/yusetoken.io\/wp-content\/uploads\/2023\/07\/Yuse-in-Dubai-300x135.jpg 300w, https:\/\/yusetoken.io\/wp-content\/uploads\/2023\/07\/Yuse-in-Dubai-1024x461.jpg 1024w, https:\/\/yusetoken.io\/wp-content\/uploads\/2023\/07\/Yuse-in-Dubai-768x346.jpg 768w, https:\/\/yusetoken.io\/wp-content\/uploads\/2023\/07\/Yuse-in-Dubai-1536x691.jpg 1536w, https:\/\/yusetoken.io\/wp-content\/uploads\/2023\/07\/Yuse-in-Dubai-18x8.jpg 18w\" sizes=\"(max-width: 1600px) 100vw, 1600px\" \/>\t\t\t\t\t\t\t\t\t\t\t\t\t<\/div>\n\t\t\t\t<\/div>\n\t\t\t\t\t<\/div>\n\t\t<\/div>\n\t\t\t\t<div class=\"elementor-column elementor-col-25 elementor-top-column elementor-element elementor-element-90599c9\" data-id=\"90599c9\" data-element_type=\"column\">\n\t\t\t<div class=\"elementor-widget-wrap elementor-element-populated\">\n\t\t\t\t\t\t<div class=\"elementor-element elementor-element-f74e877 elementor-widget elementor-widget-image\" data-id=\"f74e877\" data-element_type=\"widget\" data-widget_type=\"image.default\">\n\t\t\t\t<div class=\"elementor-widget-container\">\n\t\t\t\t\t\t\t\t\t\t\t\t\t\t<a href=\"https:\/\/yusetoken.io\/wp-content\/uploads\/2023\/07\/Presenting-Yuse.jpg\" data-elementor-open-lightbox=\"yes\" data-elementor-lightbox-title=\"Presenting Yuse\" data-e-action-hash=\"#elementor-action%3Aaction%3Dlightbox%26settings%3DeyJpZCI6MTAxNjksInVybCI6Imh0dHBzOlwvXC95dXNldG9rZW4uaW9cL3dwLWNvbnRlbnRcL3VwbG9hZHNcLzIwMjNcLzA3XC9QcmVzZW50aW5nLVl1c2UuanBnIn0%3D\">\n\t\t\t\t\t\t\t<img loading=\"lazy\" decoding=\"async\" width=\"1280\" height=\"576\" src=\"https:\/\/yusetoken.io\/wp-content\/uploads\/2023\/07\/Presenting-Yuse.jpg\" class=\"attachment-full size-full wp-image-10169\" alt=\"\" srcset=\"https:\/\/yusetoken.io\/wp-content\/uploads\/2023\/07\/Presenting-Yuse.jpg 1280w, https:\/\/yusetoken.io\/wp-content\/uploads\/2023\/07\/Presenting-Yuse-300x135.jpg 300w, https:\/\/yusetoken.io\/wp-content\/uploads\/2023\/07\/Presenting-Yuse-1024x461.jpg 1024w, https:\/\/yusetoken.io\/wp-content\/uploads\/2023\/07\/Presenting-Yuse-768x346.jpg 768w, https:\/\/yusetoken.io\/wp-content\/uploads\/2023\/07\/Presenting-Yuse-18x8.jpg 18w\" sizes=\"(max-width: 1280px) 100vw, 1280px\" \/>\t\t\t\t\t\t\t\t<\/a>\n\t\t\t\t\t\t\t\t\t\t\t\t\t<\/div>\n\t\t\t\t<\/div>\n\t\t\t\t<section class=\"elementor-section elementor-inner-section elementor-element elementor-element-9bb7d7f elementor-section-height-min-height elementor-section-boxed elementor-section-height-default\" data-id=\"9bb7d7f\" data-element_type=\"section\">\n\t\t\t\t\t\t<div class=\"elementor-container elementor-column-gap-no\">\n\t\t\t\t\t<div class=\"elementor-column elementor-col-100 elementor-inner-column elementor-element elementor-element-55d1367 frostedglass\" data-id=\"55d1367\" data-element_type=\"column\" data-settings=\"{&quot;background_background&quot;:&quot;gradient&quot;}\">\n\t\t\t<div class=\"elementor-widget-wrap elementor-element-populated\">\n\t\t\t\t\t\t<div class=\"elementor-element elementor-element-da44242 elementor-widget elementor-widget-heading\" data-id=\"da44242\" data-element_type=\"widget\" data-widget_type=\"heading.default\">\n\t\t\t\t<div class=\"elementor-widget-container\">\n\t\t\t<h2 class=\"elementor-heading-title elementor-size-default\">2<\/h2>\t\t<\/div>\n\t\t\t\t<\/div>\n\t\t\t\t<div class=\"elementor-element elementor-element-c97f4a8 elementor-widget elementor-widget-text-editor\" data-id=\"c97f4a8\" data-element_type=\"widget\" data-widget_type=\"text-editor.default\">\n\t\t\t\t<div class=\"elementor-widget-container\">\n\t\t\t\t\t\t\t<p>Invit\u00e9s c\u00e9l\u00e8bres<\/p>\t\t\t\t\t\t<\/div>\n\t\t\t\t<\/div>\n\t\t\t\t\t<\/div>\n\t\t<\/div>\n\t\t\t\t\t<\/div>\n\t\t<\/section>\n\t\t\t\t\t<\/div>\n\t\t<\/div>\n\t\t\t\t<div class=\"elementor-column elementor-col-25 elementor-top-column elementor-element elementor-element-a631b16\" data-id=\"a631b16\" data-element_type=\"column\">\n\t\t\t<div class=\"elementor-widget-wrap elementor-element-populated\">\n\t\t\t\t\t\t<div class=\"elementor-element elementor-element-cdca694 elementor-widget elementor-widget-image\" data-id=\"cdca694\" data-element_type=\"widget\" data-widget_type=\"image.default\">\n\t\t\t\t<div class=\"elementor-widget-container\">\n\t\t\t\t\t\t\t\t\t\t\t\t\t\t<a href=\"https:\/\/yusetoken.io\/wp-content\/uploads\/2023\/07\/Yuse-Team-in-Dubai-e1688728559556.jpg\" data-elementor-open-lightbox=\"yes\" data-elementor-lightbox-title=\"Yuse Team in Dubai\" data-e-action-hash=\"#elementor-action%3Aaction%3Dlightbox%26settings%3DeyJpZCI6MTAxNzAsInVybCI6Imh0dHBzOlwvXC95dXNldG9rZW4uaW9cL3dwLWNvbnRlbnRcL3VwbG9hZHNcLzIwMjNcLzA3XC9ZdXNlLVRlYW0taW4tRHViYWktZTE2ODg3Mjg1NTk1NTYuanBnIn0%3D\">\n\t\t\t\t\t\t\t<img loading=\"lazy\" decoding=\"async\" width=\"924\" height=\"575\" src=\"https:\/\/yusetoken.io\/wp-content\/uploads\/2023\/07\/Yuse-Team-in-Dubai-e1688728559556.jpg\" class=\"attachment-full size-full wp-image-10170\" alt=\"\" srcset=\"https:\/\/yusetoken.io\/wp-content\/uploads\/2023\/07\/Yuse-Team-in-Dubai-e1688728559556.jpg 924w, https:\/\/yusetoken.io\/wp-content\/uploads\/2023\/07\/Yuse-Team-in-Dubai-e1688728559556-300x187.jpg 300w, https:\/\/yusetoken.io\/wp-content\/uploads\/2023\/07\/Yuse-Team-in-Dubai-e1688728559556-768x478.jpg 768w, https:\/\/yusetoken.io\/wp-content\/uploads\/2023\/07\/Yuse-Team-in-Dubai-e1688728559556-18x12.jpg 18w\" sizes=\"(max-width: 924px) 100vw, 924px\" \/>\t\t\t\t\t\t\t\t<\/a>\n\t\t\t\t\t\t\t\t\t\t\t\t\t<\/div>\n\t\t\t\t<\/div>\n\t\t\t\t\t<\/div>\n\t\t<\/div>\n\t\t\t\t<div class=\"elementor-column elementor-col-25 elementor-top-column elementor-element elementor-element-9a53abe\" data-id=\"9a53abe\" data-element_type=\"column\">\n\t\t\t<div class=\"elementor-widget-wrap elementor-element-populated\">\n\t\t\t\t\t\t<section class=\"elementor-section elementor-inner-section elementor-element elementor-element-5ff42c1 elementor-section-height-min-height elementor-section-boxed elementor-section-height-default\" data-id=\"5ff42c1\" data-element_type=\"section\">\n\t\t\t\t\t\t<div class=\"elementor-container elementor-column-gap-no\">\n\t\t\t\t\t<div class=\"elementor-column elementor-col-100 elementor-inner-column elementor-element elementor-element-c0efee0 frostedglass\" data-id=\"c0efee0\" data-element_type=\"column\" data-settings=\"{&quot;background_background&quot;:&quot;gradient&quot;}\">\n\t\t\t<div class=\"elementor-widget-wrap elementor-element-populated\">\n\t\t\t\t\t\t<div class=\"elementor-element elementor-element-6a4417e elementor-widget elementor-widget-heading\" data-id=\"6a4417e\" data-element_type=\"widget\" data-widget_type=\"heading.default\">\n\t\t\t\t<div class=\"elementor-widget-container\">\n\t\t\t<h2 class=\"elementor-heading-title elementor-size-default\">1,00,000+<\/h2>\t\t<\/div>\n\t\t\t\t<\/div>\n\t\t\t\t<div class=\"elementor-element elementor-element-d6b4d4f elementor-widget elementor-widget-text-editor\" data-id=\"d6b4d4f\" data-element_type=\"widget\" data-widget_type=\"text-editor.default\">\n\t\t\t\t<div class=\"elementor-widget-container\">\n\t\t\t\t\t\t\t<p>Communaut\u00e9 forte<\/p>\t\t\t\t\t\t<\/div>\n\t\t\t\t<\/div>\n\t\t\t\t\t<\/div>\n\t\t<\/div>\n\t\t\t\t\t<\/div>\n\t\t<\/section>\n\t\t\t\t<div class=\"elementor-element elementor-element-bda6320 elementor-widget elementor-widget-image\" data-id=\"bda6320\" data-element_type=\"widget\" data-widget_type=\"image.default\">\n\t\t\t\t<div class=\"elementor-widget-container\">\n\t\t\t\t\t\t\t\t\t\t\t\t\t<img loading=\"lazy\" decoding=\"async\" width=\"1600\" height=\"720\" src=\"https:\/\/yusetoken.io\/wp-content\/uploads\/2023\/07\/Umesh-Pandey-with-Arther.jpg\" class=\"attachment-full size-full wp-image-10171\" alt=\"\" srcset=\"https:\/\/yusetoken.io\/wp-content\/uploads\/2023\/07\/Umesh-Pandey-with-Arther.jpg 1600w, https:\/\/yusetoken.io\/wp-content\/uploads\/2023\/07\/Umesh-Pandey-with-Arther-300x135.jpg 300w, https:\/\/yusetoken.io\/wp-content\/uploads\/2023\/07\/Umesh-Pandey-with-Arther-1024x461.jpg 1024w, https:\/\/yusetoken.io\/wp-content\/uploads\/2023\/07\/Umesh-Pandey-with-Arther-768x346.jpg 768w, https:\/\/yusetoken.io\/wp-content\/uploads\/2023\/07\/Umesh-Pandey-with-Arther-1536x691.jpg 1536w, https:\/\/yusetoken.io\/wp-content\/uploads\/2023\/07\/Umesh-Pandey-with-Arther-18x8.jpg 18w\" sizes=\"(max-width: 1600px) 100vw, 1600px\" \/>\t\t\t\t\t\t\t\t\t\t\t\t\t<\/div>\n\t\t\t\t<\/div>\n\t\t\t\t\t<\/div>\n\t\t<\/div>\n\t\t\t\t\t<\/div>\n\t\t<\/section>\n\t\t\t\t<\/div>","protected":false},"excerpt":{"rendered":"<p>Metavsummit 2022, Dubai To empower the Web 3 community and make people embrace the power of Cryptocurrency, YUSE hosted a thriving product launch event of the YUSE Ecosystem in Mumbai.\u00a0The Web3 Community across India rushed in Mumbai to witness the Emerging Multi-utility Token, as awarded in London Parliament in 2022. Visitors and Yusers met with [&hellip;]<\/p>","protected":false},"author":2,"featured_media":0,"parent":9098,"menu_order":0,"comment_status":"closed","ping_status":"closed","template":"","meta":{"inline_featured_image":false,"footnotes":""},"class_list":["post-9788","page","type-page","status-publish","hentry"],"_links":{"self":[{"href":"https:\/\/yusetoken.io\/fr\/wp-json\/wp\/v2\/pages\/9788","targetHints":{"allow":["GET"]}}],"collection":[{"href":"https:\/\/yusetoken.io\/fr\/wp-json\/wp\/v2\/pages"}],"about":[{"href":"https:\/\/yusetoken.io\/fr\/wp-json\/wp\/v2\/types\/page"}],"author":[{"embeddable":true,"href":"https:\/\/yusetoken.io\/fr\/wp-json\/wp\/v2\/users\/2"}],"replies":[{"embeddable":true,"href":"https:\/\/yusetoken.io\/fr\/wp-json\/wp\/v2\/comments?post=9788"}],"version-history":[{"count":0,"href":"https:\/\/yusetoken.io\/fr\/wp-json\/wp\/v2\/pages\/9788\/revisions"}],"up":[{"embeddable":true,"href":"https:\/\/yusetoken.io\/fr\/wp-json\/wp\/v2\/pages\/9098"}],"wp:attachment":[{"href":"https:\/\/yusetoken.io\/fr\/wp-json\/wp\/v2\/media?parent=9788"}],"curies":[{"name":"wp","href":"https:\/\/api.w.org\/{rel}","templated":true}]}}