{"id":9787,"date":"2023-06-01T08:16:53","date_gmt":"2023-06-01T08:16:53","guid":{"rendered":"https:\/\/yusetoken.io\/?page_id=9787"},"modified":"2023-07-05T07:48:16","modified_gmt":"2023-07-05T07:48:16","slug":"singapore","status":"publish","type":"page","link":"https:\/\/yusetoken.io\/fr\/events\/singapore\/","title":{"rendered":"Singapour"},"content":{"rendered":"<div data-elementor-type=\"wp-page\" data-elementor-id=\"9787\" class=\"elementor elementor-9787\">\n\t\t\t\t\t\t<section class=\"elementor-section elementor-top-section elementor-element elementor-element-5484c77 elementor-section-stretched elementor-section-content-middle elementor-section-boxed elementor-section-height-default elementor-section-height-default\" data-id=\"5484c77\" data-element_type=\"section\" data-settings=\"{&quot;stretch_section&quot;:&quot;section-stretched&quot;}\">\n\t\t\t\t\t\t<div class=\"elementor-container elementor-column-gap-no\">\n\t\t\t\t\t<div class=\"elementor-column elementor-col-50 elementor-top-column elementor-element elementor-element-878b594\" data-id=\"878b594\" data-element_type=\"column\">\n\t\t\t<div class=\"elementor-widget-wrap elementor-element-populated\">\n\t\t\t\t\t\t<div class=\"elementor-element elementor-element-be552ff elementor-widget elementor-widget-image\" data-id=\"be552ff\" data-element_type=\"widget\" data-widget_type=\"image.default\">\n\t\t\t\t<div class=\"elementor-widget-container\">\n\t\t\t\t\t\t\t\t\t\t\t\t\t<img fetchpriority=\"high\" decoding=\"async\" width=\"2560\" height=\"1520\" src=\"https:\/\/yusetoken.io\/wp-content\/uploads\/2023\/06\/Yuse-team-in-Blockchain-Summit-Singapore--scaled.jpg\" class=\"attachment-full size-full wp-image-9883\" alt=\"\" srcset=\"https:\/\/yusetoken.io\/wp-content\/uploads\/2023\/06\/Yuse-team-in-Blockchain-Summit-Singapore--scaled.jpg 2560w, https:\/\/yusetoken.io\/wp-content\/uploads\/2023\/06\/Yuse-team-in-Blockchain-Summit-Singapore--300x178.jpg 300w, https:\/\/yusetoken.io\/wp-content\/uploads\/2023\/06\/Yuse-team-in-Blockchain-Summit-Singapore--1024x608.jpg 1024w, https:\/\/yusetoken.io\/wp-content\/uploads\/2023\/06\/Yuse-team-in-Blockchain-Summit-Singapore--768x456.jpg 768w, https:\/\/yusetoken.io\/wp-content\/uploads\/2023\/06\/Yuse-team-in-Blockchain-Summit-Singapore--1536x912.jpg 1536w, https:\/\/yusetoken.io\/wp-content\/uploads\/2023\/06\/Yuse-team-in-Blockchain-Summit-Singapore--2048x1216.jpg 2048w, https:\/\/yusetoken.io\/wp-content\/uploads\/2023\/06\/Yuse-team-in-Blockchain-Summit-Singapore--18x12.jpg 18w\" sizes=\"(max-width: 2560px) 100vw, 2560px\" \/>\t\t\t\t\t\t\t\t\t\t\t\t\t<\/div>\n\t\t\t\t<\/div>\n\t\t\t\t\t<\/div>\n\t\t<\/div>\n\t\t\t\t<div class=\"elementor-column elementor-col-50 elementor-top-column elementor-element elementor-element-3b4de31\" data-id=\"3b4de31\" data-element_type=\"column\">\n\t\t\t<div class=\"elementor-widget-wrap elementor-element-populated\">\n\t\t\t\t\t\t<div class=\"elementor-element elementor-element-e2ce571 elementor-widget elementor-widget-heading\" data-id=\"e2ce571\" data-element_type=\"widget\" data-widget_type=\"heading.default\">\n\t\t\t\t<div class=\"elementor-widget-container\">\n\t\t\t<h2 class=\"elementor-heading-title elementor-size-default\">Trescon World Blockchain Summit (WBS), Singapour<\/h2>\t\t<\/div>\n\t\t\t\t<\/div>\n\t\t\t\t<div class=\"elementor-element elementor-element-c6e6023 animated-slow elementor-invisible elementor-widget elementor-widget-text-editor\" data-id=\"c6e6023\" data-element_type=\"widget\" data-settings=\"{&quot;_animation&quot;:&quot;fadeInUp&quot;,&quot;_animation_delay&quot;:140}\" data-widget_type=\"text-editor.default\">\n\t\t\t\t<div class=\"elementor-widget-container\">\n\t\t\t\t\t\t\t<p>Le World Blockchain Summit est une plate-forme de r\u00e9seautage, de leadership \u00e9clair\u00e9 et de flux de transactions pour la communaut\u00e9 Web 3.0, avec un programme organis\u00e9 traitant des tendances et des d\u00e9fis actuels du march\u00e9. L&#039;\u00e9v\u00e9nement a des sessions perspicaces, des tables rondes, des consultations priv\u00e9es et des r\u00e9seaux o\u00f9 YUSE a \u00e9t\u00e9 tr\u00e8s utile.<\/p><p>Les fondateurs de YUSE ont rencontr\u00e9 de nombreux entrepreneurs en s\u00e9rie, influenceurs et investisseurs qui se sont joints \u00e0 nous pour les ann\u00e9es \u00e0 venir. L&#039;un des noms les plus connus est Herbert R. Sim, \u00e9galement connu sous le nom de The Bitcoin Man. Nous avons \u00e9t\u00e9 ravis d&#039;avoir assist\u00e9 et de faire partie du World Blockchain Summit en juillet 2022.<\/p><p><span style=\"color: var( --e-global-color-text ); font-family: var( --e-global-typography-text-font-family ), Sans-serif; font-weight: var( --e-global-typography-text-font-weight );\">Date \u2013 14-15 juillet 2022<\/span><\/p><p>Lieu \u2013 Marina Bay Sands Expo and Convention Center, Singapour<\/p>\t\t\t\t\t\t<\/div>\n\t\t\t\t<\/div>\n\t\t\t\t\t<\/div>\n\t\t<\/div>\n\t\t\t\t\t<\/div>\n\t\t<\/section>\n\t\t\t\t<section class=\"elementor-section elementor-top-section elementor-element elementor-element-5b903360 elementor-section-full_width elementor-section-height-min-height elementor-section-stretched elementor-section-height-default elementor-section-items-middle\" data-id=\"5b903360\" data-element_type=\"section\" data-settings=\"{&quot;stretch_section&quot;:&quot;section-stretched&quot;}\">\n\t\t\t\t\t\t<div class=\"elementor-container elementor-column-gap-custom\">\n\t\t\t\t\t<div class=\"elementor-column elementor-col-25 elementor-top-column elementor-element elementor-element-7a3b4bb1\" data-id=\"7a3b4bb1\" data-element_type=\"column\">\n\t\t\t<div class=\"elementor-widget-wrap elementor-element-populated\">\n\t\t\t\t\t\t<div class=\"elementor-element elementor-element-382a7ed4 elementor-widget elementor-widget-image\" data-id=\"382a7ed4\" data-element_type=\"widget\" data-widget_type=\"image.default\">\n\t\t\t\t<div class=\"elementor-widget-container\">\n\t\t\t\t\t\t\t\t\t\t\t\t\t\t<a href=\"https:\/\/yusetoken.io\/wp-content\/uploads\/2023\/06\/Umesh-Pandey-with-Herbert-scaled.jpg\" data-elementor-open-lightbox=\"yes\" data-elementor-lightbox-title=\"Umesh Pandey with Herbert\" data-e-action-hash=\"#elementor-action%3Aaction%3Dlightbox%26settings%3DeyJpZCI6OTg4MiwidXJsIjoiaHR0cHM6XC9cL3l1c2V0b2tlbi5pb1wvd3AtY29udGVudFwvdXBsb2Fkc1wvMjAyM1wvMDZcL1VtZXNoLVBhbmRleS13aXRoLUhlcmJlcnQtc2NhbGVkLmpwZyJ9\">\n\t\t\t\t\t\t\t<img decoding=\"async\" width=\"1920\" height=\"2560\" src=\"https:\/\/yusetoken.io\/wp-content\/uploads\/2023\/06\/Umesh-Pandey-with-Herbert-scaled.jpg\" class=\"attachment-full size-full wp-image-9882\" alt=\"\" srcset=\"https:\/\/yusetoken.io\/wp-content\/uploads\/2023\/06\/Umesh-Pandey-with-Herbert-scaled.jpg 1920w, https:\/\/yusetoken.io\/wp-content\/uploads\/2023\/06\/Umesh-Pandey-with-Herbert-225x300.jpg 225w, https:\/\/yusetoken.io\/wp-content\/uploads\/2023\/06\/Umesh-Pandey-with-Herbert-768x1024.jpg 768w, https:\/\/yusetoken.io\/wp-content\/uploads\/2023\/06\/Umesh-Pandey-with-Herbert-1152x1536.jpg 1152w\" sizes=\"(max-width: 1920px) 100vw, 1920px\" \/>\t\t\t\t\t\t\t\t<\/a>\n\t\t\t\t\t\t\t\t\t\t\t\t\t<\/div>\n\t\t\t\t<\/div>\n\t\t\t\t\t<\/div>\n\t\t<\/div>\n\t\t\t\t<div class=\"elementor-column elementor-col-25 elementor-top-column elementor-element elementor-element-56c996b3\" data-id=\"56c996b3\" data-element_type=\"column\">\n\t\t\t<div class=\"elementor-widget-wrap elementor-element-populated\">\n\t\t\t\t\t\t<div class=\"elementor-element elementor-element-7177d5a5 elementor-widget elementor-widget-image\" data-id=\"7177d5a5\" data-element_type=\"widget\" data-widget_type=\"image.default\">\n\t\t\t\t<div class=\"elementor-widget-container\">\n\t\t\t\t\t\t\t\t\t\t\t\t\t\t<a href=\"https:\/\/yusetoken.io\/wp-content\/uploads\/2023\/06\/Umesh-Pandey-with-Yuse-Team-in-Singapore-Event-scaled.jpg\" data-elementor-open-lightbox=\"yes\" data-elementor-lightbox-title=\"Umesh Pandey with Yuse Team in Singapore Event\" data-e-action-hash=\"#elementor-action%3Aaction%3Dlightbox%26settings%3DeyJpZCI6OTg4MCwidXJsIjoiaHR0cHM6XC9cL3l1c2V0b2tlbi5pb1wvd3AtY29udGVudFwvdXBsb2Fkc1wvMjAyM1wvMDZcL1VtZXNoLVBhbmRleS13aXRoLVl1c2UtVGVhbS1pbi1TaW5nYXBvcmUtRXZlbnQtc2NhbGVkLmpwZyJ9\">\n\t\t\t\t\t\t\t<img decoding=\"async\" width=\"2560\" height=\"1920\" src=\"https:\/\/yusetoken.io\/wp-content\/uploads\/2023\/06\/Umesh-Pandey-with-Yuse-Team-in-Singapore-Event-scaled.jpg\" class=\"attachment-full size-full wp-image-9880\" alt=\"\" srcset=\"https:\/\/yusetoken.io\/wp-content\/uploads\/2023\/06\/Umesh-Pandey-with-Yuse-Team-in-Singapore-Event-scaled.jpg 2560w, https:\/\/yusetoken.io\/wp-content\/uploads\/2023\/06\/Umesh-Pandey-with-Yuse-Team-in-Singapore-Event-300x225.jpg 300w, https:\/\/yusetoken.io\/wp-content\/uploads\/2023\/06\/Umesh-Pandey-with-Yuse-Team-in-Singapore-Event-1024x768.jpg 1024w, https:\/\/yusetoken.io\/wp-content\/uploads\/2023\/06\/Umesh-Pandey-with-Yuse-Team-in-Singapore-Event-768x576.jpg 768w, https:\/\/yusetoken.io\/wp-content\/uploads\/2023\/06\/Umesh-Pandey-with-Yuse-Team-in-Singapore-Event-1536x1152.jpg 1536w, https:\/\/yusetoken.io\/wp-content\/uploads\/2023\/06\/Umesh-Pandey-with-Yuse-Team-in-Singapore-Event-2048x1536.jpg 2048w, https:\/\/yusetoken.io\/wp-content\/uploads\/2023\/06\/Umesh-Pandey-with-Yuse-Team-in-Singapore-Event-16x12.jpg 16w\" sizes=\"(max-width: 2560px) 100vw, 2560px\" \/>\t\t\t\t\t\t\t\t<\/a>\n\t\t\t\t\t\t\t\t\t\t\t\t\t<\/div>\n\t\t\t\t<\/div>\n\t\t\t\t\t<\/div>\n\t\t<\/div>\n\t\t\t\t<div class=\"elementor-column elementor-col-25 elementor-top-column elementor-element elementor-element-50e3d189\" data-id=\"50e3d189\" data-element_type=\"column\">\n\t\t\t<div class=\"elementor-widget-wrap elementor-element-populated\">\n\t\t\t\t\t\t<section class=\"elementor-section elementor-inner-section elementor-element elementor-element-286473d8 elementor-section-height-min-height elementor-section-boxed elementor-section-height-default\" data-id=\"286473d8\" data-element_type=\"section\">\n\t\t\t\t\t\t<div class=\"elementor-container elementor-column-gap-no\">\n\t\t\t\t\t<div class=\"elementor-column elementor-col-100 elementor-inner-column elementor-element elementor-element-23cf0dde frostedglass\" data-id=\"23cf0dde\" data-element_type=\"column\" data-settings=\"{&quot;background_background&quot;:&quot;gradient&quot;}\">\n\t\t\t<div class=\"elementor-widget-wrap elementor-element-populated\">\n\t\t\t\t\t\t<div class=\"elementor-element elementor-element-73b49d3 elementor-view-default elementor-widget elementor-widget-icon\" data-id=\"73b49d3\" data-element_type=\"widget\" data-widget_type=\"icon.default\">\n\t\t\t\t<div class=\"elementor-widget-container\">\n\t\t\t\t\t<div class=\"elementor-icon-wrapper\">\n\t\t\t<div class=\"elementor-icon\">\n\t\t\t<i aria-hidden=\"true\" class=\"fas fa-network-wired\"><\/i>\t\t\t<\/div>\n\t\t<\/div>\n\t\t\t\t<\/div>\n\t\t\t\t<\/div>\n\t\t\t\t<div class=\"elementor-element elementor-element-e70a0d0 elementor-widget elementor-widget-text-editor\" data-id=\"e70a0d0\" data-element_type=\"widget\" data-widget_type=\"text-editor.default\">\n\t\t\t\t<div class=\"elementor-widget-container\">\n\t\t\t\t\t\t\tEn r\u00e9seau avec des marques de crypto et des influenceurs potentiels\t\t\t\t\t\t<\/div>\n\t\t\t\t<\/div>\n\t\t\t\t\t<\/div>\n\t\t<\/div>\n\t\t\t\t\t<\/div>\n\t\t<\/section>\n\t\t\t\t<section class=\"elementor-section elementor-inner-section elementor-element elementor-element-fc2a322 elementor-section-height-min-height elementor-section-boxed elementor-section-height-default\" data-id=\"fc2a322\" data-element_type=\"section\">\n\t\t\t\t\t\t<div class=\"elementor-container elementor-column-gap-no\">\n\t\t\t\t\t<div class=\"elementor-column elementor-col-100 elementor-inner-column elementor-element elementor-element-7027aae frostedglass\" data-id=\"7027aae\" data-element_type=\"column\" data-settings=\"{&quot;background_background&quot;:&quot;gradient&quot;}\">\n\t\t\t<div class=\"elementor-widget-wrap elementor-element-populated\">\n\t\t\t\t\t\t<div class=\"elementor-element elementor-element-6cdc89c elementor-view-default elementor-widget elementor-widget-icon\" data-id=\"6cdc89c\" data-element_type=\"widget\" data-widget_type=\"icon.default\">\n\t\t\t\t<div class=\"elementor-widget-container\">\n\t\t\t\t\t<div class=\"elementor-icon-wrapper\">\n\t\t\t<div class=\"elementor-icon\">\n\t\t\t<i aria-hidden=\"true\" class=\"fas fa-star\"><\/i>\t\t\t<\/div>\n\t\t<\/div>\n\t\t\t\t<\/div>\n\t\t\t\t<\/div>\n\t\t\t\t<div class=\"elementor-element elementor-element-a6e0297 elementor-widget elementor-widget-text-editor\" data-id=\"a6e0297\" data-element_type=\"widget\" data-widget_type=\"text-editor.default\">\n\t\t\t\t<div class=\"elementor-widget-container\">\n\t\t\t\t\t\t\tAccueilli par des soci\u00e9t\u00e9s de blockchain renomm\u00e9es\t\t\t\t\t\t<\/div>\n\t\t\t\t<\/div>\n\t\t\t\t\t<\/div>\n\t\t<\/div>\n\t\t\t\t\t<\/div>\n\t\t<\/section>\n\t\t\t\t\t<\/div>\n\t\t<\/div>\n\t\t\t\t<div class=\"elementor-column elementor-col-25 elementor-top-column elementor-element elementor-element-11ae59d6\" data-id=\"11ae59d6\" data-element_type=\"column\">\n\t\t\t<div class=\"elementor-widget-wrap elementor-element-populated\">\n\t\t\t\t\t\t<div class=\"elementor-element elementor-element-f52193a elementor-widget elementor-widget-image\" data-id=\"f52193a\" data-element_type=\"widget\" data-widget_type=\"image.default\">\n\t\t\t\t<div class=\"elementor-widget-container\">\n\t\t\t\t\t\t\t\t\t\t\t\t\t<img loading=\"lazy\" decoding=\"async\" width=\"1920\" height=\"2560\" src=\"https:\/\/yusetoken.io\/wp-content\/uploads\/2023\/06\/Yuse-Blockchain-Summit-Singapore-scaled.jpg\" class=\"attachment-full size-full wp-image-9881\" alt=\"\" srcset=\"https:\/\/yusetoken.io\/wp-content\/uploads\/2023\/06\/Yuse-Blockchain-Summit-Singapore-scaled.jpg 1920w, https:\/\/yusetoken.io\/wp-content\/uploads\/2023\/06\/Yuse-Blockchain-Summit-Singapore-225x300.jpg 225w, https:\/\/yusetoken.io\/wp-content\/uploads\/2023\/06\/Yuse-Blockchain-Summit-Singapore-768x1024.jpg 768w, https:\/\/yusetoken.io\/wp-content\/uploads\/2023\/06\/Yuse-Blockchain-Summit-Singapore-1152x1536.jpg 1152w\" sizes=\"(max-width: 1920px) 100vw, 1920px\" \/>\t\t\t\t\t\t\t\t\t\t\t\t\t<\/div>\n\t\t\t\t<\/div>\n\t\t\t\t\t<\/div>\n\t\t<\/div>\n\t\t\t\t\t<\/div>\n\t\t<\/section>\n\t\t\t\t<\/div>","protected":false},"excerpt":{"rendered":"<p>Trescon World Blockchain Summit (WBS), Singapore World Blockchain Summit is a platform for networking, thought leadership, and deal flow for the web 3.0 community, with a curated agenda addressing current market trends and challenges. The event has insightful sessions, panel discussions, private consultation, and networking where YUSE was very instrumental. YUSE founders met many serial [&hellip;]<\/p>","protected":false},"author":2,"featured_media":0,"parent":9098,"menu_order":0,"comment_status":"closed","ping_status":"closed","template":"","meta":{"inline_featured_image":false,"footnotes":""},"class_list":["post-9787","page","type-page","status-publish","hentry"],"_links":{"self":[{"href":"https:\/\/yusetoken.io\/fr\/wp-json\/wp\/v2\/pages\/9787","targetHints":{"allow":["GET"]}}],"collection":[{"href":"https:\/\/yusetoken.io\/fr\/wp-json\/wp\/v2\/pages"}],"about":[{"href":"https:\/\/yusetoken.io\/fr\/wp-json\/wp\/v2\/types\/page"}],"author":[{"embeddable":true,"href":"https:\/\/yusetoken.io\/fr\/wp-json\/wp\/v2\/users\/2"}],"replies":[{"embeddable":true,"href":"https:\/\/yusetoken.io\/fr\/wp-json\/wp\/v2\/comments?post=9787"}],"version-history":[{"count":0,"href":"https:\/\/yusetoken.io\/fr\/wp-json\/wp\/v2\/pages\/9787\/revisions"}],"up":[{"embeddable":true,"href":"https:\/\/yusetoken.io\/fr\/wp-json\/wp\/v2\/pages\/9098"}],"wp:attachment":[{"href":"https:\/\/yusetoken.io\/fr\/wp-json\/wp\/v2\/media?parent=9787"}],"curies":[{"name":"wp","href":"https:\/\/api.w.org\/{rel}","templated":true}]}}