{"id":7519,"date":"2023-04-03T12:02:41","date_gmt":"2023-04-03T12:02:41","guid":{"rendered":"https:\/\/yusetoken.io\/?page_id=7519"},"modified":"2023-04-03T12:26:52","modified_gmt":"2023-04-03T12:26:52","slug":"privacy-policy","status":"publish","type":"page","link":"https:\/\/yusetoken.io\/fr\/yuse-wallet\/privacy-policy\/","title":{"rendered":"Confidentialit\u00e9 et politique du portefeuille Yuse"},"content":{"rendered":"<div data-elementor-type=\"wp-page\" data-elementor-id=\"7519\" class=\"elementor elementor-7519\">\n\t\t\t\t\t\t<section class=\"elementor-section elementor-top-section elementor-element elementor-element-b3bd499 elementor-section-boxed elementor-section-height-default elementor-section-height-default\" data-id=\"b3bd499\" data-element_type=\"section\">\n\t\t\t\t\t\t<div class=\"elementor-container elementor-column-gap-default\">\n\t\t\t\t\t<div class=\"elementor-column elementor-col-100 elementor-top-column elementor-element elementor-element-f1eef3c\" data-id=\"f1eef3c\" data-element_type=\"column\">\n\t\t\t<div class=\"elementor-widget-wrap elementor-element-populated\">\n\t\t\t\t\t\t<div class=\"elementor-element elementor-element-2b8065b elementor-widget elementor-widget-heading\" data-id=\"2b8065b\" data-element_type=\"widget\" data-widget_type=\"heading.default\">\n\t\t\t\t<div class=\"elementor-widget-container\">\n\t\t\t<h2 class=\"elementor-heading-title elementor-size-default\">Confidentialit\u00e9 et politique du portefeuille Yuse<\/h2>\t\t<\/div>\n\t\t\t\t<\/div>\n\t\t\t\t<div class=\"elementor-element elementor-element-0b96ba2 elementor-widget elementor-widget-text-editor\" data-id=\"0b96ba2\" data-element_type=\"widget\" data-widget_type=\"text-editor.default\">\n\t\t\t\t<div class=\"elementor-widget-container\">\n\t\t\t\t\t\t\tMise \u00e0 jour : avril 2023\t\t\t\t\t\t<\/div>\n\t\t\t\t<\/div>\n\t\t\t\t<div class=\"elementor-element elementor-element-c7e5296 elementor-widget elementor-widget-text-editor\" data-id=\"c7e5296\" data-element_type=\"widget\" data-widget_type=\"text-editor.default\">\n\t\t\t\t<div class=\"elementor-widget-container\">\n\t\t\t\t\t\t\t<p><span style=\"font-weight: 400;\">Veuillez noter que cette d\u00e9claration de confidentialit\u00e9 sera mise \u00e0 jour r\u00e9guli\u00e8rement pour refl\u00e9ter tout changement dans la fa\u00e7on dont nous traitons vos informations personnelles ou dans les lois applicables.<\/span><\/p>\n<p><span style=\"font-weight: 400;\">&nbsp;<\/span><\/p>\n<p><span style=\"font-weight: 400;\">L&#039;avis de confidentialit\u00e9 suivant d\u00e9crit les politiques et proc\u00e9dures de DApps Platform, Inc. (&quot;nous&quot;, &quot;notre&quot; ou &quot;notre&quot;) concernant la collecte, l&#039;utilisation et la divulgation de vos informations via nos services ou Yuse Wallet (<\/span><a href=\"http:\/\/www.yuse.io\/\"><span style=\"font-weight: 400;\">www.yuse.io<\/span><\/a><span style=\"font-weight: 400;\"> et applications et produits mobiles associ\u00e9s).<\/span><\/p>\n<p><span style=\"font-weight: 400;\">&nbsp;<\/span><\/p>\n<p><b>APER\u00c7U<\/b><\/p>\n<p><span style=\"font-weight: 400;\">Nous comprenons l&#039;importance de prot\u00e9ger vos donn\u00e9es personnelles et vos droits \u00e0 la vie priv\u00e9e. Par cons\u00e9quent, nous avons d\u00e9crit dans les sections suivantes comment nous traitons vos informations personnelles via Yuse Wallet. Nous ne partageons vos informations avec des tiers que pour fournir nos services et produits, nous conformer \u00e0 la loi, am\u00e9liorer Yuse Wallet, prot\u00e9ger nos droits ou effectuer un transfert d&#039;entreprise. Nous ne sommes pas une soci\u00e9t\u00e9 sans visage, mais des d\u00e9veloppeurs qui s&#039;efforcent de fournir un produit remarquable. Si vous avez des questions ou des pr\u00e9occupations concernant cette politique, veuillez nous contacter \u00e0 support@yusetoken.io.<\/span><\/p>\n<p><span style=\"font-weight: 400;\">&nbsp;<\/span><\/p>\n<p><b>COMMENT ACCEPTER CETTE POLITIQUE ?<\/b><\/p>\n<p><span style=\"font-weight: 400;\">En utilisant Yuse Wallet, y compris en t\u00e9l\u00e9chargeant l&#039;une de nos applications mobiles ou en visitant notre site Web, vous acceptez l&#039;utilisation, la divulgation et les proc\u00e9dures d\u00e9crites dans la pr\u00e9sente politique de confidentialit\u00e9.<\/span><\/p>\n<p><span style=\"font-weight: 400;\">&nbsp;<\/span><\/p>\n<p><b>QUELLES INFORMATIONS PERSONNELLES COLLECTONS-NOUS AUPR\u00c8S DE NOS UTILISATEURS\u00a0?<\/b><\/p>\n<p><span style=\"font-weight: 400;\">Nous nous effor\u00e7ons de minimiser la collecte d&#039;informations personnelles aupr\u00e8s des utilisateurs de Yuse Wallet. Lorsque vous nous contactez pour obtenir de l&#039;aide ou signalez une erreur li\u00e9e \u00e0 Yuse Wallet, nous pouvons collecter vos coordonn\u00e9es, telles que votre num\u00e9ro de t\u00e9l\u00e9phone ou votre adresse e-mail (selon la mani\u00e8re dont vous nous contactez). Lorsque vous utilisez nos Services, nous traitons les adresses de portefeuille PUBLIC g\u00e9n\u00e9r\u00e9es via Yuse Wallet.<\/span><\/p>\n<p><span style=\"font-weight: 400;\">&nbsp;<\/span><\/p>\n<p><span style=\"font-weight: 400;\">&nbsp;<\/span><\/p>\n<table>\n<tbody>\n<tr>\n<td>\n<p><b>Cat\u00e9gorie d&#039;informations personnelles<\/b><\/p>\n<\/td>\n<td>\n<p><b>Types d&#039;informations personnelles captur\u00e9es par cat\u00e9gorie<\/b><\/p>\n<\/td>\n<td>\n<p><b>But<\/b><\/p>\n<\/td>\n<\/tr>\n<tr>\n<td>\n<p><span style=\"font-weight: 400;\">Donn\u00e9es personnelles, coordonn\u00e9es et identifiants.<\/span><\/p>\n<\/td>\n<td>\n<p><span style=\"font-weight: 400;\">Nom et coordonn\u00e9es (telles que e-mail, num\u00e9ros de t\u00e9l\u00e9phone lorsque vous avez volontairement partag\u00e9 ces informations avec nous afin d&#039;\u00eatre contact\u00e9)<\/span><\/p>\n<\/td>\n<td>\n<p><span style=\"font-weight: 400;\">Faciliter la communication avec vous \u00e0 des fins d&#039;assistance \u00e0 la client\u00e8le.<\/span><\/p>\n<\/td>\n<\/tr>\n<tr>\n<td>\n<p><span style=\"font-weight: 400;\">Donn\u00e9es d&#039;acc\u00e8s au syst\u00e8me et aux applications et informations sur l&#039;activit\u00e9 d&#039;Internet et du r\u00e9seau \u00e9lectronique<\/span><\/p>\n<\/td>\n<td>\n<p><span style=\"font-weight: 400;\">L&#039;adresse de protocole Internet (IP) utilis\u00e9e pour connecter votre ordinateur ou votre appareil mobile \u00e0 Internet. Mesures des services de portefeuille Yuse (par exemple, les occurrences d&#039;erreurs techniques, vos interactions avec les fonctionnalit\u00e9s et le contenu du service et vos pr\u00e9f\u00e9rences de configuration) Enregistrements de tout accord contractuel entre vous et Yuse Wallet<\/span><\/p>\n<\/td>\n<td>\n<p><span style=\"font-weight: 400;\">Fournissez un d\u00e9pannage et am\u00e9liorez les services YuseWallet. Pour analyser les performances, corriger les erreurs et am\u00e9liorer la convivialit\u00e9 et l&#039;efficacit\u00e9 des services Yuse Wallet. N\u00e9cessaire \u00e0 l&#039;ex\u00e9cution d&#039;un contrat auquel vous \u00eates partie.<\/span><\/p>\n<\/td>\n<\/tr>\n<\/tbody>\n<\/table>\n<p><span style=\"font-weight: 400;\">&nbsp;<\/span><\/p>\n<p><span style=\"font-weight: 400;\">&nbsp;<\/span><\/p>\n<p><b>YUSE WALLET PARTAGERA-T-IL DES DONN\u00c9ES PERSONNELLES AVEC DES TIERS\u00a0?<\/b><\/p>\n<p><span style=\"font-weight: 400;\">&nbsp;<\/span><\/p>\n<p><span style=\"font-weight: 400;\">Yuse Wallet ne vend pas les informations personnelles des utilisateurs \u00e0 des tiers. Cependant, les donn\u00e9es personnelles peuvent \u00eatre transf\u00e9r\u00e9es \u00e0 des prestataires de services ou \u00e0 des tiers dans le cadre de l&#039;exploitation de son entreprise par Yuse Wallet. Ces fournisseurs de services tiers n&#039;ont acc\u00e8s qu&#039;\u00e0 certaines informations personnelles, telles que les adresses de portefeuille public, pour ex\u00e9cuter leurs fonctions et ne peuvent pas les utiliser \u00e0 d&#039;autres fins. En outre, ils doivent traiter les informations personnelles conform\u00e9ment aux accords contractuels et uniquement dans la mesure permise par les lois applicables en mati\u00e8re de protection des donn\u00e9es.<\/span><\/p>\n<p><span style=\"font-weight: 400;\">&nbsp;<\/span><\/p>\n<p><span style=\"font-weight: 400;\">Dans le cas o\u00f9 Yuse Wallet vend ou ach\u00e8te d&#039;autres entreprises ou services, les informations de l&#039;utilisateur font g\u00e9n\u00e9ralement partie des actifs commerciaux transf\u00e9r\u00e9s, mais restent soumises aux promesses faites dans tout avis de confidentialit\u00e9 pr\u00e9existant (sauf accord contraire de l&#039;utilisateur). De plus, dans le cas peu probable o\u00f9 Yuse Wallet ou la quasi-totalit\u00e9 de ses actifs seraient acquis, les informations des utilisateurs feront partie des actifs transf\u00e9r\u00e9s.<\/span><\/p>\n<p><span style=\"font-weight: 400;\">&nbsp;<\/span><\/p>\n<p><span style=\"font-weight: 400;\">Yuse Wallet peut \u00e9galement partager des informations non personnellement identifiables publiquement et avec des partenaires, tels que des \u00e9diteurs, des annonceurs, des d\u00e9veloppeurs ou des titulaires de droits.<\/span><\/p>\n<p><span style=\"font-weight: 400;\">&nbsp;<\/span><\/p>\n<p><b>COMMENT YUSE WALLET UTILISE-T-IL LES INFORMATIONS QU&#039;IL RECUEILLE ?<\/b><\/p>\n<p><span style=\"font-weight: 400;\">&nbsp;<\/span><\/p>\n<p><span style=\"font-weight: 400;\">Yuse Wallet utilise principalement les informations limit\u00e9es qu&#039;il collecte pour am\u00e9liorer l&#039;application. Les informations personnelles ne sont pas lou\u00e9es, \u00e9chang\u00e9es ou vendues. Certaines fa\u00e7ons dont Yuse Wallet peut utiliser les informations personnelles sont de contacter les utilisateurs si n\u00e9cessaire, de r\u00e9pondre aux commentaires ou aux questions li\u00e9s aux bogues ou aux erreurs, de fournir des informations suppl\u00e9mentaires, d&#039;envoyer des informations et du mat\u00e9riel marketing sur les services et produits disponibles via l&#039;application, de former les membres de l&#039;\u00e9quipe et pour \u00e0 d&#039;autres fins commerciales internes.<\/span><\/p>\n<p><span style=\"font-weight: 400;\">&nbsp;<\/span><\/p>\n<p><span style=\"font-weight: 400;\">Yuse Wallet peut \u00e9galement partager ou divulguer des donn\u00e9es personnelles agr\u00e9g\u00e9es ou des informations non personnelles avec des fournisseurs de services ou d&#039;autres personnes avec lesquelles elle fait affaire, y compris, mais sans s&#039;y limiter, des tiers potentiels dans le but de pr\u00e9senter les performances de l&#039;entreprise.<\/span><\/p>\n<p><span style=\"font-weight: 400;\">&nbsp;<\/span><\/p>\n<p><span style=\"font-weight: 400;\">Yuse Wallet peut fournir des informations personnelles \u00e0 ses employ\u00e9s, sous-traitants, agents, prestataires de services et d\u00e9l\u00e9gu\u00e9s (\u00ab\u00a0Agents\u00a0\u00bb) pour leur permettre d&#039;effectuer certains services pour l&#039;entreprise, y compris l&#039;am\u00e9lioration des services et fonctionnalit\u00e9s li\u00e9s au site Web et la performance des services de maintenance.<\/span><\/p>\n<p><span style=\"font-weight: 400;\">&nbsp;<\/span><\/p>\n<p><span style=\"font-weight: 400;\">Si Yuse Wallet ach\u00e8te ou vend des actifs, les informations client sont g\u00e9n\u00e9ralement l&#039;un des actifs commerciaux qui seraient transf\u00e9r\u00e9s. De plus, si Yuse Wallet (ou ses actifs) est acquis ou s&#039;il fait faillite, fait faillite ou subit un autre changement de contr\u00f4le, les informations personnelles pourraient \u00eatre l&#039;un des actifs transf\u00e9r\u00e9s ou acquis par un tiers.<\/span><\/p>\n<p><span style=\"font-weight: 400;\">&nbsp;<\/span><\/p>\n<p><span style=\"font-weight: 400;\">Yuse Wallet partagera des informations personnelles en dehors de l&#039;application si elle a des motifs raisonnables de croire que l&#039;acc\u00e8s, l&#039;utilisation, la conservation ou la divulgation des informations est raisonnablement n\u00e9cessaire pour se conformer \u00e0 toute loi, r\u00e9glementation, proc\u00e9dure judiciaire ou demande gouvernementale ex\u00e9cutoire en vigueur\u00a0; coop\u00e9rer avec les forces de l&#039;ordre; pour faire respecter ou appliquer les conditions d&#039;utilisation de l&#039;application et d&#039;autres accords\u00a0; ou pour prot\u00e9ger les droits, la propri\u00e9t\u00e9 ou la s\u00e9curit\u00e9 de Yuse Wallet, de ses employ\u00e9s, de ses utilisateurs ou d&#039;autres personnes.<\/span><\/p>\n<p><span style=\"font-weight: 400;\">&nbsp;<\/span><\/p>\n<p><b>QUELS SONT LES DROITS DES UTILISATEURS EN CE QUI CONCERNE LE TRAITEMENT DES DONNEES PERSONNELLES ?<\/b><\/p>\n<p><span style=\"font-weight: 400;\">Les Utilisateurs ont le droit (dans les conditions et sous r\u00e9serve des exceptions pr\u00e9vues par la loi applicable) :<\/span><\/p>\n<p><span style=\"font-weight: 400;\">&nbsp;<\/span><\/p>\n<ul>\n<li><span style=\"font-weight: 400;\"> &nbsp; &nbsp; &nbsp; <\/span><span style=\"font-weight: 400;\">Demander l&#039;acc\u00e8s aux informations personnelles que Yuse Wallet traite \u00e0 leur sujet<\/span><\/li>\n<li><span style=\"font-weight: 400;\"> &nbsp; &nbsp; &nbsp; <\/span><span style=\"font-weight: 400;\">Demander une rectification de ses donn\u00e9es personnelles<\/span><\/li>\n<li><span style=\"font-weight: 400;\"> &nbsp; &nbsp; &nbsp; <\/span><span style=\"font-weight: 400;\">S&#039;opposer au traitement de leurs donn\u00e9es personnelles<\/span><\/li>\n<li><span style=\"font-weight: 400;\"> &nbsp; &nbsp; &nbsp; <\/span><span style=\"font-weight: 400;\">Demande d&#039;effacement de ses donn\u00e9es personnelles<\/span><\/li>\n<li><span style=\"font-weight: 400;\"> &nbsp; &nbsp; &nbsp; <\/span><span style=\"font-weight: 400;\">Demander la limitation du traitement de leurs donn\u00e9es personnelles<\/span><\/li>\n<\/ul>\n<p><span style=\"font-weight: 400;\">Toutes les donn\u00e9es qui ne sont plus n\u00e9cessaires aux fins sp\u00e9cifi\u00e9es dans la section \u00ab Comment nous utilisons les informations que nous recueillons \u00bb seront supprim\u00e9es apr\u00e8s quatre-vingt-dix (90) jours. Les adresses de portefeuille cr\u00e9\u00e9es via l&#039;application Yuse Wallet ne peuvent pas \u00eatre supprim\u00e9es de la blockchain Ethereum. Par cons\u00e9quent, Yuse Wallet ne peut pas supprimer ces informations personnelles. Si, \u00e0 un moment donn\u00e9, les utilisateurs souhaitent que Yuse Wallet supprime les informations les concernant, ils peuvent contacter la soci\u00e9t\u00e9 \u00e0 support@yusetoken.io.<\/span><\/p>\n<p><span style=\"font-weight: 400;\">&nbsp;<\/span><\/p>\n<p><b>LA CONSERVATION DES DONN\u00c9ES:<\/b><\/p>\n<p><span style=\"font-weight: 400;\">Sachez que m\u00eame si vous supprimez votre portefeuille ou vos adresses de l&#039;application mobile Yuse Wallet, d\u00e9sinstallez l&#039;application mobile Yuse Wallet de votre appareil ou demandez la suppression de vos informations, nous pouvons toujours conserver certaines informations que vous nous avez fournies pour aux fins de maintenir Yuse Wallet ou de se conformer aux lois et r\u00e9glementations auxquelles Yuse Wallet est soumis. Si vous avez des questions ou des objections concernant la mani\u00e8re dont nous collectons et traitons vos informations personnelles, veuillez contacter support@yusetoken.io.<\/span><\/p>\n<p><span style=\"font-weight: 400;\">&nbsp;<\/span><\/p>\n<p><b>S\u00c9CURIT\u00c9 DES DONN\u00c9ES:<\/b><\/p>\n<p><span style=\"font-weight: 400;\">Nous prenons la protection de vos informations au s\u00e9rieux et nous nous engageons \u00e0 les prot\u00e9ger conform\u00e9ment aux lois applicables et \u00e0 nos politiques de confidentialit\u00e9 des donn\u00e9es. Nous avons choisi des fournisseurs tiers qui utilisent le r\u00e9seau Ethereum, tels que Coinbase, Shapeshift et Changelly, pour nous aider \u00e0 s\u00e9curiser vos informations personnelles. Cependant, nous ne contr\u00f4lons pas ces tiers et ne pouvons garantir une s\u00e9curit\u00e9 compl\u00e8te. Nous utilisons des protocoles et des logiciels de cryptage pour prot\u00e9ger la s\u00e9curit\u00e9 de vos informations personnelles pendant la transmission et maintenir des protections physiques, \u00e9lectroniques et proc\u00e9durales en rapport avec la collecte, le stockage et la divulgation de vos informations personnelles. Malgr\u00e9 ces pr\u00e9cautions, nous ne pouvons garantir pleinement contre l&#039;acc\u00e8s non autoris\u00e9, la divulgation, la modification ou la suppression des donn\u00e9es en raison d&#039;\u00e9v\u00e9nements tels qu&#039;une d\u00e9faillance mat\u00e9rielle ou logicielle ou une utilisation non autoris\u00e9e. Toute information que vous nous fournissez le fait enti\u00e8rement \u00e0 vos risques et p\u00e9rils.<\/span><\/p>\n<p><span style=\"font-weight: 400;\">&nbsp;<\/span><\/p>\n<p><b>ENFANTS:<\/b><\/p>\n<p><span style=\"font-weight: 400;\">Nous sommes sensibles \u00e0 la vie priv\u00e9e des enfants et ne ciblons pas nos Services sur les enfants. Pour utiliser nos services, les utilisateurs doivent \u00eatre \u00e2g\u00e9s d&#039;au moins dix-huit (18) ans. Nous ne collectons pas sciemment d&#039;informations aupr\u00e8s d&#039;enfants de moins de 13 ans. Si vous \u00eates le parent ou le tuteur l\u00e9gal d&#039;un enfant mineur et que vous utilisez Yuse Wallet au nom de votre enfant, toute information que vous nous fournissez sera trait\u00e9e comme des informations personnelles conform\u00e9ment \u00e0 avec cette politique de confidentialit\u00e9. Si vous avez des questions sur nos pratiques en mati\u00e8re d&#039;informations concernant les enfants ou si vous apprenez qu&#039;un enfant de moins de 13 ans a utilis\u00e9 Yuse Wallet, cr\u00e9\u00e9 un compte utilisateur ou nous a fourni des informations personnelles, veuillez nous envoyer un e-mail \u00e0 support@yusetoken. io.<\/span><\/p>\n<p><span style=\"font-weight: 400;\">&nbsp;<\/span><\/p>\n<p><b>CONDITIONS D&#039;UTILISATION, AVIS, MODIFICATIONS ET MISES \u00c0 JOUR DE L&#039;AVIS DE CONFIDENTIALIT\u00c9\u00a0:<\/b><\/p>\n<p><span style=\"font-weight: 400;\">Votre utilisation de Yuse Wallet et tout litige concernant la confidentialit\u00e9 sont soumis \u00e0 cet avis et \u00e0 nos conditions d&#039;utilisation. Si vous avez des inqui\u00e9tudes concernant la confidentialit\u00e9 chez Yuse Wallet, veuillez nous contacter avec une description compl\u00e8te, et nous essaierons de le r\u00e9soudre. Vous avez \u00e9galement le droit de contacter votre autorit\u00e9 locale de protection des donn\u00e9es. Nous nous r\u00e9servons le droit de mettre \u00e0 jour et de r\u00e9viser cette politique de confidentialit\u00e9 \u00e0 tout moment. Nous r\u00e9visons p\u00e9riodiquement cet avis de confidentialit\u00e9 pour nous assurer qu&#039;il est conforme aux lois applicables et refl\u00e8te les changements dans nos activit\u00e9s. Si nous r\u00e9visons cet avis de confidentialit\u00e9, nous mettrons \u00e0 jour la \u00ab\u00a0date d&#039;entr\u00e9e en vigueur\u00a0\u00bb en haut de cette page et ferons de notre mieux pour vous en informer. Veuillez consulter r\u00e9guli\u00e8rement cet avis de confidentialit\u00e9 pour rester inform\u00e9 de tout changement. En continuant \u00e0 utiliser Yuse Wallet apr\u00e8s toute modification de notre avis de confidentialit\u00e9, vous acceptez les conditions r\u00e9vis\u00e9es ou modifi\u00e9es.<\/span><\/p>\n<p><span style=\"font-weight: 400;\">&nbsp;<\/span><\/p>\n<p><b>DES QUESTIONS:<\/b><\/p>\n<p><span style=\"font-weight: 400;\">Si vous avez des questions, veuillez nous contacter par e-mail ou envoyez-nous un message.<\/span><\/p>\n<p><span style=\"font-weight: 400;\">Courriel : support@yusetoken.io.<\/span><\/p>\n<p><span style=\"font-weight: 400;\">Merci d&#039;avoir lu notre politique de confidentialit\u00e9\u00a0!<\/span><\/p>\t\t\t\t\t\t<\/div>\n\t\t\t\t<\/div>\n\t\t\t\t\t<\/div>\n\t\t<\/div>\n\t\t\t\t\t<\/div>\n\t\t<\/section>\n\t\t\t\t<\/div>","protected":false},"excerpt":{"rendered":"<p>Yuse Wallet Privacy and Policy Updated: April 2023 Please be aware that this privacy statement will be updated regularly to reflect any changes in the way we handle your personal information or in applicable laws. &nbsp; The following Privacy Notice outlines the policies and procedures of DApps Platform, Inc. (\u201cwe,\u201d \u201cour,\u201d or \u201cus\u201d) regarding the [&hellip;]<\/p>","protected":false},"author":2,"featured_media":0,"parent":3612,"menu_order":0,"comment_status":"closed","ping_status":"closed","template":"","meta":{"inline_featured_image":false,"footnotes":""},"class_list":["post-7519","page","type-page","status-publish","hentry"],"_links":{"self":[{"href":"https:\/\/yusetoken.io\/fr\/wp-json\/wp\/v2\/pages\/7519","targetHints":{"allow":["GET"]}}],"collection":[{"href":"https:\/\/yusetoken.io\/fr\/wp-json\/wp\/v2\/pages"}],"about":[{"href":"https:\/\/yusetoken.io\/fr\/wp-json\/wp\/v2\/types\/page"}],"author":[{"embeddable":true,"href":"https:\/\/yusetoken.io\/fr\/wp-json\/wp\/v2\/users\/2"}],"replies":[{"embeddable":true,"href":"https:\/\/yusetoken.io\/fr\/wp-json\/wp\/v2\/comments?post=7519"}],"version-history":[{"count":0,"href":"https:\/\/yusetoken.io\/fr\/wp-json\/wp\/v2\/pages\/7519\/revisions"}],"up":[{"embeddable":true,"href":"https:\/\/yusetoken.io\/fr\/wp-json\/wp\/v2\/pages\/3612"}],"wp:attachment":[{"href":"https:\/\/yusetoken.io\/fr\/wp-json\/wp\/v2\/media?parent=7519"}],"curies":[{"name":"wp","href":"https:\/\/api.w.org\/{rel}","templated":true}]}}