{"id":6686,"date":"2023-02-01T12:46:55","date_gmt":"2023-02-01T12:46:55","guid":{"rendered":"https:\/\/yusetoken.io\/?page_id=6686"},"modified":"2023-02-01T12:52:19","modified_gmt":"2023-02-01T12:52:19","slug":"terms-and-conditions","status":"publish","type":"page","link":"https:\/\/yusetoken.io\/fr\/terms-and-conditions\/","title":{"rendered":"Terms And Conditions"},"content":{"rendered":"<div data-elementor-type=\"wp-page\" data-elementor-id=\"6686\" class=\"elementor elementor-6686\">\n\t\t\t\t\t\t<section class=\"elementor-section elementor-top-section elementor-element elementor-element-d1a2df4 elementor-section-boxed elementor-section-height-default elementor-section-height-default\" data-id=\"d1a2df4\" data-element_type=\"section\">\n\t\t\t\t\t\t<div class=\"elementor-container elementor-column-gap-default\">\n\t\t\t\t\t<div class=\"elementor-column elementor-col-100 elementor-top-column elementor-element elementor-element-c1bb4cc\" data-id=\"c1bb4cc\" data-element_type=\"column\">\n\t\t\t<div class=\"elementor-widget-wrap elementor-element-populated\">\n\t\t\t\t\t\t<div class=\"elementor-element elementor-element-c16caa1 elementor-widget elementor-widget-heading\" data-id=\"c16caa1\" data-element_type=\"widget\" data-widget_type=\"heading.default\">\n\t\t\t\t<div class=\"elementor-widget-container\">\n\t\t\t<h2 class=\"elementor-heading-title elementor-size-default\">Termes et conditions<\/h2>\t\t<\/div>\n\t\t\t\t<\/div>\n\t\t\t\t<div class=\"elementor-element elementor-element-0650d70 elementor-widget elementor-widget-text-editor\" data-id=\"0650d70\" data-element_type=\"widget\" data-widget_type=\"text-editor.default\">\n\t\t\t\t<div class=\"elementor-widget-container\">\n\t\t\t\t\t\t\t<p>CONDITIONS D&#039;UTILISATION Derni\u00e8re mise \u00e0 jour le 16 septembre 2021 ,&quot; ou &quot;notre&quot;), concernant votre acc\u00e8s et votre utilisation du site Web de YUSE Token ainsi que de toute autre forme de m\u00e9dia, canal m\u00e9dia, site Web mobile ou application mobile li\u00e9, li\u00e9 ou autrement connect\u00e9 \u00e0 celui-ci (collectivement, le &quot;Site&quot;) . Vous reconnaissez qu&#039;en acc\u00e9dant au site, vous avez lu, compris et accept\u00e9 d&#039;\u00eatre li\u00e9 par toutes ces conditions d&#039;utilisation. SI VOUS N&#039;\u00caTES PAS D&#039;ACCORD AVEC TOUTES CES CONDITIONS D&#039;UTILISATION, ALORS IL VOUS EST EXPRESS\u00c9MENT INTERDIT D&#039;UTILISER LE SITE ET VOUS DEVEZ CESSER DE L&#039;UTILISER IMM\u00c9DIATEMENT. Les termes et conditions suppl\u00e9mentaires ou les documents qui peuvent \u00eatre publi\u00e9s sur le site de temps \u00e0 autre sont express\u00e9ment incorpor\u00e9s aux pr\u00e9sentes par r\u00e9f\u00e9rence. Nous nous r\u00e9servons le droit, \u00e0 notre seule discr\u00e9tion, d&#039;apporter des changements ou des modifications \u00e0 ces conditions d&#039;utilisation \u00e0 tout moment et pour quelque raison que ce soit. Nous vous informerons de tout changement en mettant \u00e0 jour la date de \u00ab\u00a0derni\u00e8re mise \u00e0 jour\u00a0\u00bb de ces conditions d&#039;utilisation, et vous renoncez \u00e0 tout droit de recevoir un avis sp\u00e9cifique de chacun de ces changements. Veuillez vous assurer de v\u00e9rifier les conditions applicables chaque fois que vous utilisez notre site afin que vous ayez accept\u00e9 les modifications apport\u00e9es aux conditions d&#039;utilisation r\u00e9vis\u00e9es par votre utilisation continue du site apr\u00e8s la date de publication de ces conditions d&#039;utilisation r\u00e9vis\u00e9es. Les informations fournies sur le Site ne sont pas destin\u00e9es \u00e0 \u00eatre distribu\u00e9es ou utilis\u00e9es par toute personne ou entit\u00e9 dans une juridiction ou un pays o\u00f9 une telle distribution ou utilisation serait contraire \u00e0 la loi ou \u00e0 la r\u00e9glementation ou qui nous soumettrait \u00e0 une obligation d&#039;enregistrement dans cette juridiction ou ce pays. . En cons\u00e9quence, les personnes qui choisissent d&#039;acc\u00e9der au Site \u00e0 partir d&#039;autres endroits le font de leur propre initiative et sont seules responsables du respect des lois locales, si et dans la mesure o\u00f9 les lois locales sont applicables.<\/p><p><br \/>DROITS DE PROPRI\u00c9T\u00c9 INTELLECTUELLE Sauf indication contraire, le Site est notre propri\u00e9t\u00e9 exclusive et tous les codes source, bases de donn\u00e9es, fonctionnalit\u00e9s, logiciels, conceptions de sites Web, audio, vid\u00e9o, textes, photographies et graphiques sur le Site (collectivement, le \u00ab\u00a0Contenu\u00a0\u00bb) et le les marques de commerce, les marques de service et les logos qu&#039;elles contiennent (les \u00ab\u00a0marques\u00a0\u00bb) nous appartiennent ou sont contr\u00f4l\u00e9s par nous ou nous sont conc\u00e9d\u00e9s sous licence, et sont prot\u00e9g\u00e9s par les lois sur le droit d&#039;auteur et les marques de commerce et divers autres droits de propri\u00e9t\u00e9 intellectuelle et lois sur la concurrence d\u00e9loyale des \u00c9tats-Unis, du monde les lois sur le droit d&#039;auteur et les conventions internationales. Le contenu et les marques sont fournis sur le site \u00ab EN L&#039;\u00c9TAT \u00bb pour votre information et votre usage personnel uniquement. Sauf disposition expresse dans les pr\u00e9sentes conditions d&#039;utilisation, aucune partie du site et aucun contenu ou marque ne peuvent \u00eatre copi\u00e9s, reproduits, agr\u00e9g\u00e9s, republi\u00e9s, t\u00e9l\u00e9charg\u00e9s, publi\u00e9s, affich\u00e9s publiquement, cod\u00e9s, traduits, transmis, distribu\u00e9s, vendus, conc\u00e9d\u00e9s sous licence ou autrement exploit\u00e9es \u00e0 quelque fin commerciale que ce soit, sans notre autorisation expresse \u00e9crite pr\u00e9alable. \u00c0 condition que vous soyez autoris\u00e9 \u00e0 utiliser le site, vous b\u00e9n\u00e9ficiez d&#039;une licence limit\u00e9e pour acc\u00e9der et utiliser le site et pour t\u00e9l\u00e9charger ou imprimer une copie de toute partie du contenu auquel vous avez correctement acc\u00e9d\u00e9 uniquement pour votre usage personnel et non commercial. utiliser. Nous nous r\u00e9servons tous les droits qui ne vous sont pas express\u00e9ment accord\u00e9s sur le Site, le Contenu et les Marques.<\/p><p><br \/>D\u00c9CLARATIONS DES UTILISATEURS En utilisant le Site, vous d\u00e9clarez et garantissez que\u00a0:<br \/>(1) vous avez la capacit\u00e9 juridique et vous vous engagez \u00e0 respecter les pr\u00e9sentes Conditions d&#039;utilisation ;<br \/>(2) vous n&#039;\u00eates pas mineur dans la juridiction dans laquelle vous r\u00e9sidez\u00a0;<br \/>(3) vous n&#039;acc\u00e9derez pas au site par des moyens automatis\u00e9s ou non humains, que ce soit par le biais d&#039;un bot, d&#039;un script ou autrement\u00a0;<br \/>(4) vous n&#039;utiliserez pas le Site \u00e0 des fins ill\u00e9gales ou non autoris\u00e9es\u00a0; et<br \/>(5) votre utilisation du site ne violera aucune loi ou r\u00e9glementation applicable. Si vous fournissez des informations fausses, inexactes, p\u00e9rim\u00e9es ou incompl\u00e8tes, nous avons le droit de suspendre ou de r\u00e9silier votre compte et de refuser toute utilisation actuelle ou future du Site (ou de toute partie de celui-ci).<\/p><p><br \/>ACTIVIT\u00c9S INTERDITES Vous ne pouvez pas acc\u00e9der ou utiliser le Site \u00e0 d&#039;autres fins que celles pour lesquelles nous mettons le Site \u00e0 disposition. Le Site ne peut pas \u00eatre utilis\u00e9 dans le cadre d&#039;activit\u00e9s commerciales, \u00e0 l&#039;exception de celles qui sont sp\u00e9cifiquement approuv\u00e9es ou approuv\u00e9es par nous. En tant qu&#039;utilisateur du Site, vous vous engagez \u00e0 ne pas :<br \/>1. R\u00e9cup\u00e9rer syst\u00e9matiquement des donn\u00e9es ou tout autre contenu du Site pour cr\u00e9er ou compiler, directement ou indirectement, une collection, une compilation, une base de donn\u00e9es ou un r\u00e9pertoire sans autorisation \u00e9crite de notre part.<br \/>2. Tromper, frauder ou nous induire en erreur ainsi que d&#039;autres utilisateurs, en particulier dans toute tentative d&#039;apprendre des informations de compte sensibles telles que les mots de passe des utilisateurs.<br \/>3. Contourner, d\u00e9sactiver ou autrement interf\u00e9rer avec les fonctionnalit\u00e9s li\u00e9es \u00e0 la s\u00e9curit\u00e9 du Site, y compris les fonctionnalit\u00e9s qui emp\u00eachent ou restreignent l&#039;utilisation ou la copie de tout Contenu ou imposent des limitations \u00e0 l&#039;utilisation du Site et\/ou du Contenu qu&#039;il contient.<br \/>4. D\u00e9nigrer, ternir ou autrement nuire, \u00e0 notre avis, \u00e0 nous et\/ou au Site.<br \/>5. Utiliser toute information obtenue sur le Site afin de harceler, d&#039;abuser ou de nuire \u00e0 une autre personne.<br \/>6. Faire un usage abusif de nos services d&#039;assistance ou soumettre de faux rapports d&#039;abus ou d&#039;inconduite.<br \/>7. Utiliser le Site d&#039;une mani\u00e8re non conforme aux lois ou r\u00e9glementations applicables.<br \/>8. S&#039;engager dans un cadrage ou un lien non autoris\u00e9 vers le Site.<br \/>9. T\u00e9l\u00e9charger ou transmettre (ou tenter de t\u00e9l\u00e9charger ou de transmettre) des virus, des chevaux de Troie ou d&#039;autres \u00e9l\u00e9ments, y compris l&#039;utilisation excessive de majuscules et le spam (publication continue de texte r\u00e9p\u00e9titif), qui interf\u00e8re avec l&#039;utilisation et la jouissance ininterrompues par toute partie du Site ou modifie, alt\u00e8re, perturbe, alt\u00e8re ou interf\u00e8re avec l&#039;utilisation, les fonctionnalit\u00e9s, les fonctions, le fonctionnement ou la maintenance du Site.<br \/>10. S&#039;engager dans toute utilisation automatis\u00e9e du syst\u00e8me, comme l&#039;utilisation de scripts pour envoyer des commentaires ou des messages, ou l&#039;utilisation de tout outil d&#039;exploration de donn\u00e9es, de robots ou d&#039;outils similaires de collecte et d&#039;extraction de donn\u00e9es.<br \/>11. Supprimez le droit d&#039;auteur ou tout autre avis de droits de propri\u00e9t\u00e9 de tout contenu.<br \/>12. Tenter d&#039;usurper l&#039;identit\u00e9 d&#039;un autre utilisateur ou d&#039;une autre personne ou utiliser le nom d&#039;utilisateur d&#039;un autre utilisateur.<br \/>13. T\u00e9l\u00e9charger ou transmettre (ou tenter de t\u00e9l\u00e9charger ou de transmettre) tout mat\u00e9riel qui agit comme un m\u00e9canisme passif ou actif de collecte ou de transmission d&#039;informations, y compris, sans s&#039;y limiter, des formats d&#039;\u00e9change graphiques clairs (&quot;gifs&quot;), des pixels 1 \u00d7 1, des bogues Web , cookies ou autres dispositifs similaires (parfois appel\u00e9s \u00ab\u00a0logiciels espions\u00a0\u00bb ou \u00ab\u00a0m\u00e9canismes de collecte passifs\u00a0\u00bb ou \u00ab\u00a0pcms\u00a0\u00bb).<br \/>14. Interf\u00e9rer avec, perturber ou cr\u00e9er une charge excessive sur le Site ou les r\u00e9seaux ou services connect\u00e9s au Site.<br \/>15. Harceler, ennuyer, intimider ou menacer l&#039;un de nos employ\u00e9s ou agents engag\u00e9s \u00e0 vous fournir une partie du site.<br \/>16. Tenter de contourner toute mesure du Site con\u00e7ue pour emp\u00eacher ou restreindre l&#039;acc\u00e8s au Site, ou \u00e0 toute partie du Site.<br \/>17. Copier ou adapter le logiciel du Site, y compris, mais sans s&#039;y limiter, Flash, PHP, HTML, JavaScript ou tout autre code.<br \/>18. Sauf dans la mesure permise par la loi applicable, d\u00e9chiffrer, d\u00e9compiler, d\u00e9sassembler ou d\u00e9sosser tout logiciel comprenant ou constituant de quelque mani\u00e8re que ce soit une partie du Site.<br \/>19. Sauf si cela peut r\u00e9sulter de l&#039;utilisation standard d&#039;un moteur de recherche ou d&#039;un navigateur Internet, utiliser, lancer, d\u00e9velopper ou distribuer tout syst\u00e8me automatis\u00e9, y compris, sans s&#039;y limiter, tout araign\u00e9e, robot, utilitaire de triche, grattoir ou lecteur hors ligne qui acc\u00e8de au site. , ou en utilisant ou en lan\u00e7ant un script ou un autre logiciel non autoris\u00e9.<br \/>20. Utiliser un agent d&#039;achat ou un agent d&#039;achat pour effectuer des achats sur le Site.<br \/>21. Faire toute utilisation non autoris\u00e9e du Site, y compris la collecte des noms d&#039;utilisateur et\/ou des adresses e-mail des utilisateurs par des moyens \u00e9lectroniques ou autres dans le but d&#039;envoyer des e-mails non sollicit\u00e9s, ou de cr\u00e9er des comptes d&#039;utilisateurs par des moyens automatis\u00e9s ou sous de faux pr\u00e9textes.<br \/>22. Utiliser le Site dans le cadre de tout effort pour nous concurrencer ou utiliser autrement le Site et\/ou le Contenu pour toute activit\u00e9 g\u00e9n\u00e9ratrice de revenus ou entreprise commerciale.<\/p><p>CONTRIBUTIONS G\u00c9N\u00c9R\u00c9ES PAR LES UTILISATEURS Le Site ne propose pas aux utilisateurs de soumettre ou de publier du contenu. Nous pouvons vous offrir la possibilit\u00e9 de cr\u00e9er, soumettre, publier, afficher, transmettre, ex\u00e9cuter, publier, distribuer ou diffuser du contenu et des documents \u00e0 nous ou sur le site, y compris, mais sans s&#039;y limiter, du texte, des \u00e9crits, des vid\u00e9os, de l&#039;audio, des photographies , graphiques, commentaires, suggestions ou informations personnelles ou autre mat\u00e9riel (collectivement, les \u00ab Contributions \u00bb). Les Contributions peuvent \u00eatre visibles par d&#039;autres utilisateurs du Site et par le biais de sites Web tiers. En tant que telles, toutes les contributions que vous transmettez peuvent \u00eatre trait\u00e9es conform\u00e9ment \u00e0 la politique de confidentialit\u00e9 du site. Lorsque vous cr\u00e9ez ou mettez \u00e0 disposition des Contributions, vous d\u00e9clarez et garantissez ainsi que\u00a0:<br \/>1. La cr\u00e9ation, la distribution, la transmission, l&#039;affichage public ou l&#039;ex\u00e9cution, et l&#039;acc\u00e8s, le t\u00e9l\u00e9chargement ou la copie de vos contributions n&#039;enfreignent pas et n&#039;enfreindront pas les droits de propri\u00e9t\u00e9, y compris, mais sans s&#039;y limiter, le droit d&#039;auteur, le brevet, la marque, le secret commercial , ou les droits moraux d&#039;un tiers.<br \/>2. Vous \u00eates le cr\u00e9ateur et le propri\u00e9taire ou vous disposez des licences, droits, consentements, autorisations et autorisations n\u00e9cessaires pour utiliser et nous autoriser, ainsi que le Site et les autres utilisateurs du Site, \u00e0 utiliser vos contributions de la mani\u00e8re envisag\u00e9e par le Site. et les pr\u00e9sentes conditions d&#039;utilisation.<br \/>3. Vous avez le consentement \u00e9crit, l&#039;autorisation et\/ou la permission de chaque personne identifiable dans vos contributions d&#039;utiliser le nom ou l&#039;image de chacune de ces personnes identifiables pour permettre l&#039;inclusion et l&#039;utilisation de vos contributions de la mani\u00e8re envisag\u00e9e. par le Site et les pr\u00e9sentes Conditions d&#039;utilisation.<br \/>4. Vos contributions ne sont pas fausses, inexactes ou trompeuses.<br \/>5. Vos contributions ne sont pas des publicit\u00e9s non sollicit\u00e9es ou non autoris\u00e9es, du mat\u00e9riel promotionnel, des syst\u00e8mes pyramidaux, des cha\u00eenes de lettres, des spams, des envois de masse ou d&#039;autres formes de sollicitation.<br \/>6. Vos contributions ne sont pas obsc\u00e8nes, obsc\u00e8nes, lascives, sales, violentes, harcelantes, diffamatoires, calomnieuses ou autrement r\u00e9pr\u00e9hensibles (selon notre d\u00e9termination).<br \/>7. Vos Contributions ne ridiculisent, ne se moquent, ne d\u00e9nigrent, n&#039;intimident ou n&#039;abusent de qui que ce soit.<br \/>8. Vos contributions ne sont pas utilis\u00e9es pour harceler ou menacer (au sens juridique de ces termes) toute autre personne et pour promouvoir la violence contre une personne ou une cat\u00e9gorie de personnes sp\u00e9cifique.<br \/>9. Vos contributions ne violent aucune loi, r\u00e9glementation ou r\u00e8gle applicable.<br \/>10. Vos contributions ne violent pas la vie priv\u00e9e ou les droits de publicit\u00e9 d&#039;un tiers.<br \/>11. Vos contributions ne violent aucune loi applicable concernant la pornographie enfantine, ou autrement destin\u00e9es \u00e0 prot\u00e9ger la sant\u00e9 ou le bien-\u00eatre des mineurs.<br \/>12. Vos contributions n&#039;incluent aucun commentaire offensant li\u00e9 \u00e0 la race, \u00e0 l&#039;origine nationale, au sexe, \u00e0 la pr\u00e9f\u00e9rence sexuelle ou au handicap physique.<br \/>13. Vos Contributions ne violent pas autrement, ou ne renvoient pas \u00e0 du mat\u00e9riel qui viole, toute disposition des pr\u00e9sentes Conditions d&#039;utilisation, ou toute loi ou r\u00e9glementation applicable.<br \/>Toute utilisation du Site en violation de ce qui pr\u00e9c\u00e8de viole les pr\u00e9sentes Conditions d&#039;utilisation et peut entra\u00eener, entre autres, la r\u00e9siliation ou la suspension de vos droits d&#039;utilisation du Site. Toute utilisation du Site en violation de ce qui pr\u00e9c\u00e8de viole les pr\u00e9sentes Conditions d&#039;utilisation et peut entra\u00eener, entre autres, la r\u00e9siliation ou la suspension de vos droits d&#039;utilisation du Site.<\/p><p><br \/>LICENCE DE CONTRIBUTION Vous et le Site acceptez que nous puissions acc\u00e9der, stocker, traiter et utiliser toutes les informations et donn\u00e9es personnelles que vous fournissez conform\u00e9ment aux termes de la Politique de confidentialit\u00e9 et \u00e0 vos choix (y compris les param\u00e8tres). En soumettant des suggestions ou d&#039;autres commentaires concernant le site, vous acceptez que nous puissions utiliser et partager ces commentaires \u00e0 toutes fins sans compensation pour vous. Nous n&#039;affirmons aucun droit de propri\u00e9t\u00e9 sur vos Contributions. Vous conservez la pleine propri\u00e9t\u00e9 de toutes vos contributions et de tous les droits de propri\u00e9t\u00e9 intellectuelle ou autres droits de propri\u00e9t\u00e9 associ\u00e9s \u00e0 vos contributions. Nous ne sommes pas responsables des d\u00e9clarations ou repr\u00e9sentations dans vos contributions fournies par vous dans n&#039;importe quelle zone du site. Vous \u00eates seul responsable de vos contributions au Site et vous acceptez express\u00e9ment de nous exon\u00e9rer de toute responsabilit\u00e9 et de vous abstenir de toute action en justice \u00e0 notre encontre concernant vos Contributions.<\/p><p><br \/>SOUMISSIONS Vous reconnaissez et acceptez que toutes les questions, commentaires, suggestions, id\u00e9es, commentaires ou autres informations concernant le Site (\u00ab\u00a0Soumissions\u00a0\u00bb) que vous nous fournissez ne sont pas confidentiels et deviendront notre propri\u00e9t\u00e9 exclusive. Nous d\u00e9tiendrons les droits exclusifs, y compris tous les droits de propri\u00e9t\u00e9 intellectuelle, et aurons le droit d&#039;utiliser et de diffuser sans restriction ces Soumissions \u00e0 toute fin licite, commerciale ou autre, sans reconnaissance ni compensation de votre part. Vous renoncez par la pr\u00e9sente \u00e0 tous les droits moraux sur ces Soumissions, et vous garantissez par la pr\u00e9sente que ces Soumissions sont originales avec vous ou que vous avez le droit de soumettre de telles Soumissions. Vous acceptez qu&#039;il n&#039;y aura aucun recours contre nous pour toute violation all\u00e9gu\u00e9e ou r\u00e9elle ou tout d\u00e9tournement de tout droit de propri\u00e9t\u00e9 sur vos soumissions.<\/p><p><br \/>GESTION DU SITE Nous nous r\u00e9servons le droit, mais non l&#039;obligation, de : (1) surveiller le Site pour toute violation des pr\u00e9sentes Conditions d&#039;utilisation ; (2) intenter une action en justice appropri\u00e9e contre toute personne qui, \u00e0 notre seule discr\u00e9tion, enfreint la loi ou les pr\u00e9sentes conditions d&#039;utilisation, y compris, sans s&#039;y limiter, le signalement de cet utilisateur aux autorit\u00e9s charg\u00e9es de l&#039;application de la loi\u00a0; (3) \u00e0 notre seule discr\u00e9tion et sans limitation, refuser, restreindre l&#039;acc\u00e8s \u00e0, limiter la disponibilit\u00e9 ou d\u00e9sactiver (dans la mesure o\u00f9 cela est technologiquement possible) l&#039;une de vos contributions ou une partie de celles-ci\u00a0; (4) \u00e0 notre seule discr\u00e9tion et sans limitation, pr\u00e9avis ou responsabilit\u00e9, de supprimer du Site ou autrement d\u00e9sactiver tous les fichiers et contenus qui sont de taille excessive ou qui sont en quelque sorte contraignants pour nos syst\u00e8mes\u00a0; et (5) autrement g\u00e9rer le Site d&#039;une mani\u00e8re con\u00e7ue pour prot\u00e9ger nos droits et notre propri\u00e9t\u00e9 et pour faciliter le bon fonctionnement du Site.<\/p><p><br \/>DUR\u00c9E ET R\u00c9SILIATION Ces conditions d&#039;utilisation resteront pleinement en vigueur pendant que vous utilisez le site. SANS LIMITER TOUTE AUTRE DISPOSITION DES PR\u00c9SENTES CONDITIONS D&#039;UTILISATION, NOUS R\u00c9SERVONS LE DROIT, \u00c0 NOTRE SEULE DISCR\u00c9TION ET SANS PR\u00c9AVIS NI RESPONSABILIT\u00c9, DE REFUSER L&#039;ACC\u00c8S ET L&#039;UTILISATION DU SITE (Y COMPRIS LE BLOCAGE DE CERTAINES ADRESSES IP), \u00c0 TOUTE PERSONNE POUR QUELQUE RAISON QUE CE SOIT OU SANS RAISON, Y COMPRIS, SANS S&#039;Y LIMITER, LA VIOLATION DE TOUTE REPR\u00c9SENTATION, GARANTIE OU ENGAGEMENT CONTENU DANS LES PR\u00c9SENTES CONDITIONS D&#039;UTILISATION OU DE TOUTE LOI OU R\u00c8GLEMENT APPLICABLE. NOUS POUVONS METTRE FIN \u00c0 VOTRE UTILISATION OU \u00c0 VOTRE PARTICIPATION AU SITE OU SUPPRIMER TOUT CONTENU OU INFORMATION QUE VOUS AVEZ PUBLI\u00c9 \u00c0 TOUT MOMENT, SANS AVERTISSEMENT, \u00c0 NOTRE SEULE DISCR\u00c9TION. Si nous r\u00e9silions ou suspendons votre compte pour quelque raison que ce soit, il vous est interdit d&#039;enregistrer et de cr\u00e9er un nouveau compte sous votre nom, un faux nom ou un nom emprunt\u00e9, ou le nom d&#039;un tiers, m\u00eame si vous agissez au nom du tiers faire la f\u00eate. En plus de r\u00e9silier ou de suspendre votre compte, nous nous r\u00e9servons le droit d&#039;engager des poursuites judiciaires appropri\u00e9es, y compris, sans s&#039;y limiter, des poursuites civiles, p\u00e9nales et injonctives.<\/p><p><br \/>MODIFICATIONS ET INTERRUPTIONS Nous nous r\u00e9servons le droit de changer, modifier ou supprimer le contenu du Site \u00e0 tout moment ou pour quelque raison que ce soit, \u00e0 notre seule discr\u00e9tion et sans pr\u00e9avis. Cependant, nous n&#039;avons aucune obligation de mettre \u00e0 jour les informations sur notre site. Nous nous r\u00e9servons \u00e9galement le droit de modifier ou d&#039;interrompre tout ou partie du Site sans pr\u00e9avis et \u00e0 tout moment. Nous ne serons pas responsables envers vous ou tout tiers pour toute modification, changement de prix, suspension ou interruption du Site. Nous ne pouvons garantir que le Site sera disponible \u00e0 tout moment. Nous pouvons rencontrer des probl\u00e8mes mat\u00e9riels, logiciels ou autres ou avoir besoin d&#039;effectuer une maintenance li\u00e9e au Site, entra\u00eenant des interruptions, des retards ou des erreurs. Nous nous r\u00e9servons le droit de changer, r\u00e9viser, mettre \u00e0 jour, suspendre, interrompre ou autrement modifier le Site \u00e0 tout moment ou pour quelque raison que ce soit sans pr\u00e9avis. Vous convenez que nous n&#039;avons aucune responsabilit\u00e9 pour toute perte, dommage ou inconv\u00e9nient caus\u00e9 par votre incapacit\u00e9 \u00e0 acc\u00e9der ou \u00e0 utiliser le Site pendant toute interruption ou interruption du Site. Rien dans ces conditions d&#039;utilisation ne sera interpr\u00e9t\u00e9 comme nous obligeant \u00e0 maintenir et \u00e0 soutenir le site ou \u00e0 fournir des corrections, des mises \u00e0 jour ou des versions en rapport avec celui-ci.<\/p><p><br \/>DIVERS Ces conditions d&#039;utilisation et toutes les politiques ou r\u00e8gles de fonctionnement publi\u00e9es par nous sur le site ou \u00e0 l&#039;\u00e9gard du site constituent l&#039;int\u00e9gralit\u00e9 de l&#039;accord et de la compr\u00e9hension entre vous et nous. Notre incapacit\u00e9 \u00e0 exercer ou \u00e0 appliquer tout droit ou disposition des pr\u00e9sentes conditions d&#039;utilisation ne constituera pas une renonciation \u00e0 ce droit ou \u00e0 cette disposition. Ces conditions d&#039;utilisation fonctionnent dans toute la mesure permise par la loi. Nous pouvons c\u00e9der tout ou partie de nos droits et obligations \u00e0 des tiers \u00e0 tout moment. Nous ne serons pas responsables de toute perte, dommage, retard ou manquement \u00e0 agir caus\u00e9 par une cause \u00e9chappant \u00e0 notre contr\u00f4le raisonnable. Si une disposition ou une partie d&#039;une disposition des pr\u00e9sentes conditions d&#039;utilisation est jug\u00e9e ill\u00e9gale, nulle ou inapplicable, cette disposition ou partie de la disposition est r\u00e9put\u00e9e s\u00e9parable des pr\u00e9sentes conditions d&#039;utilisation et n&#039;affecte pas la validit\u00e9 et l&#039;applicabilit\u00e9 de tout autre des provisions. Il n&#039;y a pas de coentreprise, de partenariat, d&#039;emploi ou de relation d&#039;agence cr\u00e9\u00e9e entre vous et nous \u00e0 la suite de ces conditions d&#039;utilisation ou de l&#039;utilisation du site. Vous acceptez que ces conditions d&#039;utilisation ne soient pas interpr\u00e9t\u00e9es contre nous du fait de les avoir r\u00e9dig\u00e9es. Par la pr\u00e9sente, vous renoncez \u00e0 toutes les d\u00e9fenses que vous pourriez avoir sur la base de la forme \u00e9lectronique des pr\u00e9sentes conditions d&#039;utilisation et de l&#039;absence de signature par les parties aux pr\u00e9sentes pour ex\u00e9cuter ces conditions d&#039;utilisation.<\/p><p><br \/>NOUS CONTACTER Afin de r\u00e9soudre une plainte concernant le Site ou pour recevoir de plus amples informations concernant l&#039;utilisation du Site, veuillez nous contacter \u00e0 : support@yusetoken.io<\/p>\t\t\t\t\t\t<\/div>\n\t\t\t\t<\/div>\n\t\t\t\t\t<\/div>\n\t\t<\/div>\n\t\t\t\t\t<\/div>\n\t\t<\/section>\n\t\t\t\t<\/div>","protected":false},"excerpt":{"rendered":"<p>Terms and Conditions TERMS OF USE Last updated on 16th September 2021 AGREEMENT TO TERMS These Terms of Use constitute a legally binding agreement made between you, whether personally or on behalf of an entity (\u201cyou\u201d) and (&#8220;Company,&#8221; &#8220;we,&#8221; &#8220;us,&#8221; or \u201cour\u201d), concerning your access to and use of theYUSE Token website as well as [&hellip;]<\/p>","protected":false},"author":2,"featured_media":0,"parent":0,"menu_order":0,"comment_status":"closed","ping_status":"closed","template":"","meta":{"inline_featured_image":false,"footnotes":""},"class_list":["post-6686","page","type-page","status-publish","hentry"],"_links":{"self":[{"href":"https:\/\/yusetoken.io\/fr\/wp-json\/wp\/v2\/pages\/6686","targetHints":{"allow":["GET"]}}],"collection":[{"href":"https:\/\/yusetoken.io\/fr\/wp-json\/wp\/v2\/pages"}],"about":[{"href":"https:\/\/yusetoken.io\/fr\/wp-json\/wp\/v2\/types\/page"}],"author":[{"embeddable":true,"href":"https:\/\/yusetoken.io\/fr\/wp-json\/wp\/v2\/users\/2"}],"replies":[{"embeddable":true,"href":"https:\/\/yusetoken.io\/fr\/wp-json\/wp\/v2\/comments?post=6686"}],"version-history":[{"count":0,"href":"https:\/\/yusetoken.io\/fr\/wp-json\/wp\/v2\/pages\/6686\/revisions"}],"wp:attachment":[{"href":"https:\/\/yusetoken.io\/fr\/wp-json\/wp\/v2\/media?parent=6686"}],"curies":[{"name":"wp","href":"https:\/\/api.w.org\/{rel}","templated":true}]}}