{"id":7519,"date":"2023-04-03T12:02:41","date_gmt":"2023-04-03T12:02:41","guid":{"rendered":"https:\/\/yusetoken.io\/?page_id=7519"},"modified":"2023-04-03T12:26:52","modified_gmt":"2023-04-03T12:26:52","slug":"privacy-policy","status":"publish","type":"page","link":"https:\/\/yusetoken.io\/es\/yuse-wallet\/privacy-policy\/","title":{"rendered":"Pol\u00edtica y privacidad de la billetera Yuse"},"content":{"rendered":"<div data-elementor-type=\"wp-page\" data-elementor-id=\"7519\" class=\"elementor elementor-7519\">\n\t\t\t\t\t\t<section class=\"elementor-section elementor-top-section elementor-element elementor-element-b3bd499 elementor-section-boxed elementor-section-height-default elementor-section-height-default\" data-id=\"b3bd499\" data-element_type=\"section\">\n\t\t\t\t\t\t<div class=\"elementor-container elementor-column-gap-default\">\n\t\t\t\t\t<div class=\"elementor-column elementor-col-100 elementor-top-column elementor-element elementor-element-f1eef3c\" data-id=\"f1eef3c\" data-element_type=\"column\">\n\t\t\t<div class=\"elementor-widget-wrap elementor-element-populated\">\n\t\t\t\t\t\t<div class=\"elementor-element elementor-element-2b8065b elementor-widget elementor-widget-heading\" data-id=\"2b8065b\" data-element_type=\"widget\" data-widget_type=\"heading.default\">\n\t\t\t\t<div class=\"elementor-widget-container\">\n\t\t\t<h2 class=\"elementor-heading-title elementor-size-default\">Pol\u00edtica y privacidad de la billetera Yuse<\/h2>\t\t<\/div>\n\t\t\t\t<\/div>\n\t\t\t\t<div class=\"elementor-element elementor-element-0b96ba2 elementor-widget elementor-widget-text-editor\" data-id=\"0b96ba2\" data-element_type=\"widget\" data-widget_type=\"text-editor.default\">\n\t\t\t\t<div class=\"elementor-widget-container\">\n\t\t\t\t\t\t\tActualizado: abril de 2023\t\t\t\t\t\t<\/div>\n\t\t\t\t<\/div>\n\t\t\t\t<div class=\"elementor-element elementor-element-c7e5296 elementor-widget elementor-widget-text-editor\" data-id=\"c7e5296\" data-element_type=\"widget\" data-widget_type=\"text-editor.default\">\n\t\t\t\t<div class=\"elementor-widget-container\">\n\t\t\t\t\t\t\t<p><span style=\"font-weight: 400;\">Tenga en cuenta que esta declaraci\u00f3n de privacidad se actualizar\u00e1 regularmente para reflejar cualquier cambio en la forma en que manejamos su informaci\u00f3n personal o en las leyes aplicables.<\/span><\/p>\n<p><span style=\"font-weight: 400;\">&nbsp;<\/span><\/p>\n<p><span style=\"font-weight: 400;\">El siguiente Aviso de privacidad describe las pol\u00edticas y los procedimientos de DApps Platform, Inc. (&quot;nosotros&quot;, &quot;nuestro&quot; o &quot;nosotros&quot;) con respecto a la recopilaci\u00f3n, el uso y la divulgaci\u00f3n de su informaci\u00f3n a trav\u00e9s de nuestros Servicios o Yuse Wallet (<\/span><a href=\"http:\/\/www.yuse.io\/\"><span style=\"font-weight: 400;\">www.yuse.io<\/span><\/a><span style=\"font-weight: 400;\"> y aplicaciones y productos m\u00f3viles relacionados).<\/span><\/p>\n<p><span style=\"font-weight: 400;\">&nbsp;<\/span><\/p>\n<p><b>DESCRIPCI\u00d3N GENERAL<\/b><\/p>\n<p><span style=\"font-weight: 400;\">Entendemos la importancia de proteger sus datos personales y sus derechos de privacidad. Por lo tanto, hemos descrito en las siguientes secciones c\u00f3mo manejamos su informaci\u00f3n personal a trav\u00e9s de Yuse Wallet. Solo compartimos su informaci\u00f3n con terceros para brindar nuestros Servicios y productos, cumplir con la ley, mejorar Yuse Wallet, proteger nuestros derechos o efectuar una transferencia comercial. No somos una corporaci\u00f3n sin rostro, sino desarrolladores que se esfuerzan por ofrecer un producto notable. Si tiene alguna pregunta o inquietud sobre esta pol\u00edtica, cont\u00e1ctenos en support@yusetoken.io.<\/span><\/p>\n<p><span style=\"font-weight: 400;\">&nbsp;<\/span><\/p>\n<p><b>\u00bfC\u00d3MO ACEPTAR ESTA POL\u00cdTICA?<\/b><\/p>\n<p><span style=\"font-weight: 400;\">Al utilizar Yuse Wallet, incluida la descarga de una de nuestras aplicaciones m\u00f3viles o la visita a nuestro sitio web, usted acepta el uso, la divulgaci\u00f3n y los procedimientos descritos en esta Pol\u00edtica de privacidad.<\/span><\/p>\n<p><span style=\"font-weight: 400;\">&nbsp;<\/span><\/p>\n<p><b>\u00bfQU\u00c9 INFORMACI\u00d3N PERSONAL RECOPILAMOS DE NUESTROS USUARIOS?<\/b><\/p>\n<p><span style=\"font-weight: 400;\">Nos esforzamos por minimizar la recopilaci\u00f3n de informaci\u00f3n personal de los usuarios de Yuse Wallet. Cuando se comunica con nosotros para obtener asistencia o informa un error relacionado con Yuse Wallet, podemos recopilar su informaci\u00f3n de contacto, como su n\u00famero de tel\u00e9fono o direcci\u00f3n de correo electr\u00f3nico (dependiendo de c\u00f3mo se comunique con nosotros). Cuando utiliza nuestros Servicios, procesamos las direcciones de billetera P\u00daBLICA generadas a trav\u00e9s de Yuse Wallet.<\/span><\/p>\n<p><span style=\"font-weight: 400;\">&nbsp;<\/span><\/p>\n<p><span style=\"font-weight: 400;\">&nbsp;<\/span><\/p>\n<table>\n<tbody>\n<tr>\n<td>\n<p><b>Categor\u00eda de informaci\u00f3n personal<\/b><\/p>\n<\/td>\n<td>\n<p><b>Tipos de informaci\u00f3n personal capturada por categor\u00eda<\/b><\/p>\n<\/td>\n<td>\n<p><b>Objetivo<\/b><\/p>\n<\/td>\n<\/tr>\n<tr>\n<td>\n<p><span style=\"font-weight: 400;\">Datos personales, datos de contacto e identificadores.<\/span><\/p>\n<\/td>\n<td>\n<p><span style=\"font-weight: 400;\">Nombre y detalles de contacto (como correo electr\u00f3nico, n\u00fameros de tel\u00e9fono cuando voluntariamente haya compartido esta informaci\u00f3n con nosotros para ser contactado)<\/span><\/p>\n<\/td>\n<td>\n<p><span style=\"font-weight: 400;\">Facilitar la comunicaci\u00f3n con usted con fines de atenci\u00f3n al cliente.<\/span><\/p>\n<\/td>\n<\/tr>\n<tr>\n<td>\n<p><span style=\"font-weight: 400;\">Datos de acceso a sistemas y aplicaciones e informaci\u00f3n de actividad de Internet y redes electr\u00f3nicas<\/span><\/p>\n<\/td>\n<td>\n<p><span style=\"font-weight: 400;\">La direcci\u00f3n de protocolo de Internet (IP) utilizada para conectar su computadora o dispositivo m\u00f3vil a Internet. M\u00e9tricas de los servicios de Yuse Wallet (p. ej., la ocurrencia de errores t\u00e9cnicos, sus interacciones con las funciones y el contenido del servicio y sus preferencias de configuraci\u00f3n) Registros de cualquier acuerdo contractual entre usted y Yuse Wallet<\/span><\/p>\n<\/td>\n<td>\n<p><span style=\"font-weight: 400;\">Proporcionar soluci\u00f3n de problemas y mejorar los servicios de YuseWallet. Para analizar el rendimiento, corregir errores y mejorar la usabilidad y la eficacia de los servicios de Yuse Wallet. Necesario para la ejecuci\u00f3n de un contrato en el que usted es parte.<\/span><\/p>\n<\/td>\n<\/tr>\n<\/tbody>\n<\/table>\n<p><span style=\"font-weight: 400;\">&nbsp;<\/span><\/p>\n<p><span style=\"font-weight: 400;\">&nbsp;<\/span><\/p>\n<p><b>\u00bfYUSE WALLET COMPARTIR\u00c1 DATOS PERSONALES CON TERCEROS?<\/b><\/p>\n<p><span style=\"font-weight: 400;\">&nbsp;<\/span><\/p>\n<p><span style=\"font-weight: 400;\">Yuse Wallet no vende la informaci\u00f3n personal de los usuarios a otros. Sin embargo, los datos personales pueden transferirse a proveedores de servicios o a terceros en relaci\u00f3n con la operaci\u00f3n comercial de Yuse Wallet. Estos proveedores de servicios externos solo tienen acceso a cierta informaci\u00f3n personal, como direcciones de billetera p\u00fablica, para realizar sus funciones y no pueden usarla para otros fines. Adem\u00e1s, deben procesar la informaci\u00f3n personal de acuerdo con los acuerdos contractuales y solo seg\u00fan lo permitido por las leyes de protecci\u00f3n de datos aplicables.<\/span><\/p>\n<p><span style=\"font-weight: 400;\">&nbsp;<\/span><\/p>\n<p><span style=\"font-weight: 400;\">En el caso de que Yuse Wallet venda o compre otros negocios o servicios, la informaci\u00f3n del usuario generalmente es uno de los activos comerciales transferidos, pero permanece sujeta a las promesas hechas en cualquier aviso de privacidad preexistente (a menos que el usuario d\u00e9 su consentimiento). Adem\u00e1s, en el improbable caso de que se adquiera Yuse Wallet o sustancialmente todos sus activos, la informaci\u00f3n de los usuarios ser\u00e1 uno de los activos transferidos.<\/span><\/p>\n<p><span style=\"font-weight: 400;\">&nbsp;<\/span><\/p>\n<p><span style=\"font-weight: 400;\">Yuse Wallet tambi\u00e9n puede compartir informaci\u00f3n de identificaci\u00f3n no personal p\u00fablicamente y con socios, como editores, anunciantes, desarrolladores o titulares de derechos.<\/span><\/p>\n<p><span style=\"font-weight: 400;\">&nbsp;<\/span><\/p>\n<p><b>\u00bfC\u00d3MO UTILIZA YUSE WALLET LA INFORMACI\u00d3N QUE RECOPILA?<\/b><\/p>\n<p><span style=\"font-weight: 400;\">&nbsp;<\/span><\/p>\n<p><span style=\"font-weight: 400;\">Yuse Wallet utiliza principalmente la informaci\u00f3n limitada que recopila para mejorar la aplicaci\u00f3n. La informaci\u00f3n personal no se alquila, intercambia ni vende. Algunas formas en que Yuse Wallet puede usar la informaci\u00f3n personal son para contactar a los usuarios cuando sea necesario, responder comentarios o preguntas relacionadas con errores o errores, proporcionar informaci\u00f3n adicional, enviar informaci\u00f3n y materiales de marketing sobre servicios y productos disponibles a trav\u00e9s de la aplicaci\u00f3n, capacitar a los miembros del equipo y para otros fines comerciales internos.<\/span><\/p>\n<p><span style=\"font-weight: 400;\">&nbsp;<\/span><\/p>\n<p><span style=\"font-weight: 400;\">Yuse Wallet tambi\u00e9n puede compartir o divulgar datos personales agregados o informaci\u00f3n no personal con proveedores de servicios u otras personas con las que realiza negocios, incluidos, entre otros, posibles terceros con el fin de mostrar el desempe\u00f1o de la empresa.<\/span><\/p>\n<p><span style=\"font-weight: 400;\">&nbsp;<\/span><\/p>\n<p><span style=\"font-weight: 400;\">Yuse Wallet puede proporcionar informaci\u00f3n personal a sus empleados, contratistas, agentes, proveedores de servicios y personas designadas (&quot;Agentes&quot;) para permitirles realizar ciertos servicios para la empresa, incluida la mejora de los servicios y caracter\u00edsticas relacionados con el sitio web y el desempe\u00f1o de los servicios de mantenimiento.<\/span><\/p>\n<p><span style=\"font-weight: 400;\">&nbsp;<\/span><\/p>\n<p><span style=\"font-weight: 400;\">Si Yuse Wallet compra o vende activos, la informaci\u00f3n del cliente suele ser uno de los activos comerciales que se transferir\u00edan. Adem\u00e1s, si se adquiere Yuse Wallet (o sus activos) o si cierra, entra en bancarrota o pasa por alg\u00fan otro cambio de control, la Informaci\u00f3n personal podr\u00eda ser uno de los activos transferidos o adquiridos por un tercero.<\/span><\/p>\n<p><span style=\"font-weight: 400;\">&nbsp;<\/span><\/p>\n<p><span style=\"font-weight: 400;\">Yuse Wallet compartir\u00e1 informaci\u00f3n personal fuera de la aplicaci\u00f3n si tiene la creencia razonable de que el acceso, uso, preservaci\u00f3n o divulgaci\u00f3n de la informaci\u00f3n es razonablemente necesario para cumplir con cualquier ley, regulaci\u00f3n, proceso legal o solicitud gubernamental aplicable; cooperar con las fuerzas del orden; para hacer cumplir o aplicar los t\u00e9rminos de uso de la aplicaci\u00f3n y otros acuerdos; o para proteger los derechos, la propiedad o la seguridad de Yuse Wallet, sus empleados, sus usuarios u otros.<\/span><\/p>\n<p><span style=\"font-weight: 400;\">&nbsp;<\/span><\/p>\n<p><b>\u00bfCU\u00c1LES SON LOS DERECHOS DE LOS USUARIOS CON RESPECTO AL TRATAMIENTO DE DATOS PERSONALES?<\/b><\/p>\n<p><span style=\"font-weight: 400;\">Los usuarios tienen derecho (bajo las condiciones, y sujeto a las excepciones, establecidas en la ley aplicable) a:<\/span><\/p>\n<p><span style=\"font-weight: 400;\">&nbsp;<\/span><\/p>\n<ul>\n<li><span style=\"font-weight: 400;\"> &nbsp; &nbsp; &nbsp; <\/span><span style=\"font-weight: 400;\">Solicitar acceso a la informaci\u00f3n personal que Yuse Wallet procesa sobre ellos<\/span><\/li>\n<li><span style=\"font-weight: 400;\"> &nbsp; &nbsp; &nbsp; <\/span><span style=\"font-weight: 400;\">Solicitar una rectificaci\u00f3n de sus datos personales<\/span><\/li>\n<li><span style=\"font-weight: 400;\"> &nbsp; &nbsp; &nbsp; <\/span><span style=\"font-weight: 400;\">Oponerse al tratamiento de sus datos personales<\/span><\/li>\n<li><span style=\"font-weight: 400;\"> &nbsp; &nbsp; &nbsp; <\/span><span style=\"font-weight: 400;\">Solicitud de borrado de sus datos personales<\/span><\/li>\n<li><span style=\"font-weight: 400;\"> &nbsp; &nbsp; &nbsp; <\/span><span style=\"font-weight: 400;\">Solicitar la limitaci\u00f3n del tratamiento de sus datos personales<\/span><\/li>\n<\/ul>\n<p><span style=\"font-weight: 400;\">Cualquier dato que ya no sea necesario para los fines especificados en la secci\u00f3n &quot;C\u00f3mo usamos la informaci\u00f3n que recopilamos&quot; se eliminar\u00e1 despu\u00e9s de noventa (90) d\u00edas. Las direcciones de billetera creadas a trav\u00e9s de la aplicaci\u00f3n Yuse Wallet no se pueden eliminar de la cadena de bloques de Ethereum, por lo tanto, Yuse Wallet no puede eliminar esta informaci\u00f3n personal. Si en alg\u00fan momento los usuarios desean que Yuse Wallet elimine informaci\u00f3n sobre ellos, pueden comunicarse con la empresa en support@yusetoken.io.<\/span><\/p>\n<p><span style=\"font-weight: 400;\">&nbsp;<\/span><\/p>\n<p><b>RETENCI\u00d3N DE DATOS:<\/b><\/p>\n<p><span style=\"font-weight: 400;\">Tenga en cuenta que incluso si elimina su billetera o direcciones de la aplicaci\u00f3n m\u00f3vil Yuse Wallet, desinstala la aplicaci\u00f3n m\u00f3vil Yuse Wallet de su dispositivo o solicita que se elimine su informaci\u00f3n, es posible que a\u00fan conservemos cierta informaci\u00f3n que nos ha proporcionado para los prop\u00f3sitos de mantener Yuse Wallet o para cumplir con las leyes y regulaciones a las que est\u00e1 sujeto Yuse Wallet. Si tiene alguna pregunta u objeci\u00f3n con respecto a c\u00f3mo recopilamos y procesamos su informaci\u00f3n personal, comun\u00edquese con support@yusetoken.io.<\/span><\/p>\n<p><span style=\"font-weight: 400;\">&nbsp;<\/span><\/p>\n<p><b>SEGURIDAD DE DATOS:<\/b><\/p>\n<p><span style=\"font-weight: 400;\">Nos tomamos muy en serio la protecci\u00f3n de su informaci\u00f3n y nos comprometemos a salvaguardarla de acuerdo con las leyes aplicables y nuestras pol\u00edticas de privacidad de datos. Hemos elegido proveedores externos que utilizan la red Ethereum, como Coinbase, Shapeshift y Changelly, para que nos ayuden a proteger su informaci\u00f3n personal. Sin embargo, no controlamos a estos terceros y no podemos garantizar una seguridad completa. Utilizamos protocolos y software de encriptaci\u00f3n para proteger la seguridad de su informaci\u00f3n personal durante la transmisi\u00f3n y mantenemos medidas de seguridad f\u00edsicas, electr\u00f3nicas y de procedimiento en relaci\u00f3n con la recopilaci\u00f3n, el almacenamiento y la divulgaci\u00f3n de su informaci\u00f3n personal. A pesar de estas precauciones, no podemos garantizar completamente contra el acceso no autorizado, la divulgaci\u00f3n, la alteraci\u00f3n o la eliminaci\u00f3n de datos debido a eventos como fallas de hardware o software o uso no autorizado. Cualquier informaci\u00f3n que nos proporcione se hace bajo su propio riesgo.<\/span><\/p>\n<p><span style=\"font-weight: 400;\">&nbsp;<\/span><\/p>\n<p><b>NI\u00d1OS:<\/b><\/p>\n<p><span style=\"font-weight: 400;\">Somos sensibles a la privacidad de los ni\u00f1os y no dirigimos nuestros Servicios hacia los ni\u00f1os. Para utilizar nuestros servicios, los usuarios deben tener al menos dieciocho (18) a\u00f1os. No recopilamos a sabiendas informaci\u00f3n de ni\u00f1os menores de 13 a\u00f1os. Si usted es padre o tutor legal de un ni\u00f1o menor de edad y usa Yuse Wallet en nombre de su hijo, cualquier informaci\u00f3n que nos proporcione ser\u00e1 tratada como Informaci\u00f3n personal de acuerdo con con esta Pol\u00edtica de Privacidad. Si tiene alguna pregunta sobre nuestras pr\u00e1cticas de informaci\u00f3n con respecto a los ni\u00f1os o si se entera de que un ni\u00f1o menor de 13 a\u00f1os us\u00f3 Yuse Wallet, cre\u00f3 una cuenta de usuario o nos proporcion\u00f3 informaci\u00f3n personal, env\u00edenos un correo electr\u00f3nico a support@yusetoken. yo.<\/span><\/p>\n<p><span style=\"font-weight: 400;\">&nbsp;<\/span><\/p>\n<p><b>CONDICIONES DE USO, AVISOS, CAMBIOS Y ACTUALIZACIONES AL AVISO DE PRIVACIDAD:<\/b><\/p>\n<p><span style=\"font-weight: 400;\">Su uso de Yuse Wallet y cualquier disputa sobre privacidad est\u00e1n sujetos a este Aviso y a nuestros T\u00e9rminos de uso. Si tiene alguna inquietud sobre la privacidad en Yuse Wallet, cont\u00e1ctenos con una descripci\u00f3n completa e intentaremos resolverla. Tambi\u00e9n tiene derecho a ponerse en contacto con su Autoridad de Protecci\u00f3n de Datos local. Nos reservamos el derecho de actualizar y revisar esta Pol\u00edtica de privacidad en cualquier momento. Revisamos peri\u00f3dicamente este Aviso de privacidad para asegurarnos de que cumpla con las leyes aplicables y refleje los cambios en nuestro negocio. Si revisamos este Aviso de privacidad, actualizaremos la &quot;Fecha de vigencia&quot; en la parte superior de esta p\u00e1gina y haremos todo lo posible para notific\u00e1rselo. Revise este Aviso de privacidad regularmente para mantenerse informado de cualquier cambio. Si contin\u00faa utilizando Yuse Wallet despu\u00e9s de cualquier modificaci\u00f3n de nuestro Aviso de privacidad, acepta los t\u00e9rminos revisados o modificados.<\/span><\/p>\n<p><span style=\"font-weight: 400;\">&nbsp;<\/span><\/p>\n<p><b>PREGUNTAS:<\/b><\/p>\n<p><span style=\"font-weight: 400;\">Si tiene alguna pregunta, cont\u00e1ctenos por correo electr\u00f3nico o env\u00edenos un mensaje.<\/span><\/p>\n<p><span style=\"font-weight: 400;\">Correo electr\u00f3nico: support@yusetoken.io.<\/span><\/p>\n<p><span style=\"font-weight: 400;\">\u00a1Gracias por leer nuestra Pol\u00edtica de Privacidad!<\/span><\/p>\t\t\t\t\t\t<\/div>\n\t\t\t\t<\/div>\n\t\t\t\t\t<\/div>\n\t\t<\/div>\n\t\t\t\t\t<\/div>\n\t\t<\/section>\n\t\t\t\t<\/div>","protected":false},"excerpt":{"rendered":"<p>Yuse Wallet Privacy and Policy Updated: April 2023 Please be aware that this privacy statement will be updated regularly to reflect any changes in the way we handle your personal information or in applicable laws. &nbsp; The following Privacy Notice outlines the policies and procedures of DApps Platform, Inc. (\u201cwe,\u201d \u201cour,\u201d or \u201cus\u201d) regarding the [&hellip;]<\/p>","protected":false},"author":2,"featured_media":0,"parent":3612,"menu_order":0,"comment_status":"closed","ping_status":"closed","template":"","meta":{"inline_featured_image":false,"footnotes":""},"class_list":["post-7519","page","type-page","status-publish","hentry"],"_links":{"self":[{"href":"https:\/\/yusetoken.io\/es\/wp-json\/wp\/v2\/pages\/7519","targetHints":{"allow":["GET"]}}],"collection":[{"href":"https:\/\/yusetoken.io\/es\/wp-json\/wp\/v2\/pages"}],"about":[{"href":"https:\/\/yusetoken.io\/es\/wp-json\/wp\/v2\/types\/page"}],"author":[{"embeddable":true,"href":"https:\/\/yusetoken.io\/es\/wp-json\/wp\/v2\/users\/2"}],"replies":[{"embeddable":true,"href":"https:\/\/yusetoken.io\/es\/wp-json\/wp\/v2\/comments?post=7519"}],"version-history":[{"count":0,"href":"https:\/\/yusetoken.io\/es\/wp-json\/wp\/v2\/pages\/7519\/revisions"}],"up":[{"embeddable":true,"href":"https:\/\/yusetoken.io\/es\/wp-json\/wp\/v2\/pages\/3612"}],"wp:attachment":[{"href":"https:\/\/yusetoken.io\/es\/wp-json\/wp\/v2\/media?parent=7519"}],"curies":[{"name":"wp","href":"https:\/\/api.w.org\/{rel}","templated":true}]}}