{"id":6686,"date":"2023-02-01T12:46:55","date_gmt":"2023-02-01T12:46:55","guid":{"rendered":"https:\/\/yusetoken.io\/?page_id=6686"},"modified":"2023-02-01T12:52:19","modified_gmt":"2023-02-01T12:52:19","slug":"terms-and-conditions","status":"publish","type":"page","link":"https:\/\/yusetoken.io\/es\/terms-and-conditions\/","title":{"rendered":"Terms And Conditions"},"content":{"rendered":"<div data-elementor-type=\"wp-page\" data-elementor-id=\"6686\" class=\"elementor elementor-6686\">\n\t\t\t\t\t\t<section class=\"elementor-section elementor-top-section elementor-element elementor-element-d1a2df4 elementor-section-boxed elementor-section-height-default elementor-section-height-default\" data-id=\"d1a2df4\" data-element_type=\"section\">\n\t\t\t\t\t\t<div class=\"elementor-container elementor-column-gap-default\">\n\t\t\t\t\t<div class=\"elementor-column elementor-col-100 elementor-top-column elementor-element elementor-element-c1bb4cc\" data-id=\"c1bb4cc\" data-element_type=\"column\">\n\t\t\t<div class=\"elementor-widget-wrap elementor-element-populated\">\n\t\t\t\t\t\t<div class=\"elementor-element elementor-element-c16caa1 elementor-widget elementor-widget-heading\" data-id=\"c16caa1\" data-element_type=\"widget\" data-widget_type=\"heading.default\">\n\t\t\t\t<div class=\"elementor-widget-container\">\n\t\t\t<h2 class=\"elementor-heading-title elementor-size-default\">T\u00e9rminos y condiciones<\/h2>\t\t<\/div>\n\t\t\t\t<\/div>\n\t\t\t\t<div class=\"elementor-element elementor-element-0650d70 elementor-widget elementor-widget-text-editor\" data-id=\"0650d70\" data-element_type=\"widget\" data-widget_type=\"text-editor.default\">\n\t\t\t\t<div class=\"elementor-widget-container\">\n\t\t\t\t\t\t\t<p>T\u00c9RMINOS DE USO \u00daltima actualizaci\u00f3n el 16 de septiembre de 2021 ACUERDO DE T\u00c9RMINOS Estos T\u00e9rminos de uso constituyen un acuerdo legalmente vinculante realizado entre usted, ya sea personalmente o en nombre de una entidad (&quot;usted&quot;) y (&quot;Empresa&quot;, &quot;nosotros&quot;, &quot;nos \u201d, o \u201cnuestro\u201d), con respecto a su acceso y uso del sitio web de YUSE Token, as\u00ed como cualquier otro formulario de medios, canal de medios, sitio web m\u00f3vil o aplicaci\u00f3n m\u00f3vil relacionada, vinculada o conectada de otro modo (colectivamente, el \u201cSitio\u201d). . Usted acepta que al acceder al Sitio, ha le\u00eddo, entendido y aceptado estar sujeto a todos estos T\u00e9rminos de uso. SI NO EST\u00c1 DE ACUERDO CON TODOS ESTOS T\u00c9RMINOS DE USO, ENTONCES SE LE PROH\u00cdBE EXPRESAMENTE UTILIZAR EL SITIO Y DEBE DEJAR DE UTILIZARLO INMEDIATAMENTE. Los t\u00e9rminos y condiciones complementarios o los documentos que pueden publicarse en el Sitio de vez en cuando se incorporan expresamente aqu\u00ed como referencia. Nos reservamos el derecho, a nuestro exclusivo criterio, de realizar cambios o modificaciones a estos T\u00e9rminos de uso en cualquier momento y por cualquier motivo. Le avisaremos sobre cualquier cambio actualizando la fecha de &quot;\u00daltima actualizaci\u00f3n&quot; de estos T\u00e9rminos de uso, y usted renuncia a cualquier derecho a recibir un aviso espec\u00edfico de cada cambio. Aseg\u00farese de verificar los T\u00e9rminos aplicables cada vez que use nuestro Sitio para que haya aceptado los cambios en los T\u00e9rminos de uso revisados por su uso continuo del Sitio despu\u00e9s de la fecha de publicaci\u00f3n de dichos T\u00e9rminos de uso revisados. La informaci\u00f3n provista en el Sitio no est\u00e1 destinada a ser distribuida o utilizada por ninguna persona o entidad en ninguna jurisdicci\u00f3n o pa\u00eds donde dicha distribuci\u00f3n o uso ser\u00eda contrario a la ley o regulaci\u00f3n o que nos someter\u00eda a cualquier requisito de registro dentro de dicha jurisdicci\u00f3n o pa\u00eds. . En consecuencia, aquellas personas que elijan acceder al Sitio desde otros lugares lo hacen por su propia iniciativa y son los \u00fanicos responsables de cumplir con las leyes locales, en la medida en que las leyes locales sean aplicables.<\/p><p><br \/>DERECHOS DE PROPIEDAD INTELECTUAL A menos que se indique lo contrario, el Sitio es propiedad de nuestra propiedad y todo el c\u00f3digo fuente, bases de datos, funcionalidad, software, dise\u00f1os de sitios web, audio, video, texto, fotograf\u00edas y gr\u00e1ficos en el Sitio (colectivamente, el &quot;Contenido&quot;) y el Las marcas comerciales, las marcas de servicio y los logotipos que contiene (las &quot;Marcas&quot;) son de nuestra propiedad o est\u00e1n controlados por nosotros o est\u00e1n autorizados por nosotros, y est\u00e1n protegidos por las leyes de derechos de autor y marcas registradas y varios otros derechos de propiedad intelectual y leyes de competencia desleal de los Estados Unidos, internacional derechos de autor y convenciones internacionales. El Contenido y las Marcas se proporcionan en el Sitio &quot;TAL CUAL&quot; solo para su informaci\u00f3n y uso personal. Salvo que se indique expresamente en estos T\u00e9rminos de uso, ninguna parte del Sitio y ning\u00fan Contenido o Marcas pueden copiarse, reproducirse, agregarse, volver a publicarse, cargarse, publicarse, exhibirse p\u00fablicamente, codificarse, traducirse, transmitirse, distribuirse, venderse, licenciarse o explotados de otro modo para cualquier prop\u00f3sito comercial, sin nuestro permiso previo por escrito. Siempre que sea elegible para usar el Sitio, se le otorga una licencia limitada para acceder y usar el Sitio y para descargar o imprimir una copia de cualquier parte del Contenido al que haya obtenido acceso \u00fanicamente para su uso personal y no comercial. usar. Nos reservamos todos los derechos no otorgados expresamente a usted en y para el Sitio, el Contenido y las Marcas.<\/p><p><br \/>DECLARACIONES DEL USUARIO Al usar el Sitio, usted declara y garantiza que:<br \/>(1) tiene la capacidad legal y acepta cumplir con estos T\u00e9rminos de uso;<br \/>(2) no es menor de edad en la jurisdicci\u00f3n en la que reside;<br \/>(3) no acceder\u00e1 al Sitio a trav\u00e9s de medios automatizados o no humanos, ya sea a trav\u00e9s de un bot, script u otro;<br \/>(4) no utilizar\u00e1 el Sitio para ning\u00fan prop\u00f3sito ilegal o no autorizado; y<br \/>(5) su uso del Sitio no violar\u00e1 ninguna ley o regulaci\u00f3n aplicable. Si proporciona informaci\u00f3n falsa, inexacta, desactualizada o incompleta, tenemos el derecho de suspender o cancelar su cuenta y rechazar cualquier uso actual o futuro del Sitio (o cualquier parte del mismo).<\/p><p><br \/>ACTIVIDADES PROHIBIDAS No puede acceder ni utilizar el Sitio para ning\u00fan otro fin que no sea el que ponemos a disposici\u00f3n del Sitio. El Sitio no se puede utilizar en relaci\u00f3n con ning\u00fan esfuerzo comercial, excepto aquellos que est\u00e9n respaldados o aprobados espec\u00edficamente por nosotros. Como usuario del Sitio, usted acepta no:<br \/>1. Recuperar sistem\u00e1ticamente datos u otro contenido del Sitio para crear o compilar, directa o indirectamente, una colecci\u00f3n, compilaci\u00f3n, base de datos o directorio sin nuestro permiso por escrito.<br \/>2. Enga\u00f1arnos, defraudarnos o enga\u00f1arnos a nosotros y a otros usuarios, especialmente en cualquier intento de obtener informaci\u00f3n confidencial de la cuenta, como las contrase\u00f1as de los usuarios.<br \/>3. Eludir, deshabilitar o interferir de otro modo con las funciones relacionadas con la seguridad del Sitio, incluidas las funciones que impiden o restringen el uso o la copia de cualquier Contenido o imponen limitaciones en el uso del Sitio y\/o el Contenido que contiene.<br \/>4. Menospreciar, empa\u00f1ar o da\u00f1ar de otro modo, en nuestra opini\u00f3n, a nosotros y\/o al Sitio.<br \/>5. Usar cualquier informaci\u00f3n obtenida del Sitio para acosar, abusar o da\u00f1ar a otra persona.<br \/>6. Hacer un uso indebido de nuestros servicios de soporte o presentar informes falsos de abuso o mala conducta.<br \/>7. Utilizar el Sitio de manera incompatible con las leyes o reglamentos aplicables.<br \/>8. Participar en marcos o enlaces no autorizados al Sitio.<br \/>9. Cargar o transmitir (o intentar cargar o transmitir) virus, caballos de Troya u otro material, incluido el uso excesivo de letras may\u00fasculas y spam (publicaci\u00f3n continua de texto repetitivo), que interfiere con el uso y disfrute ininterrumpido de cualquiera de las partes. Sitio o modifica, perjudica, interrumpe, altera o interfiere con el uso, caracter\u00edsticas, funciones, operaci\u00f3n o mantenimiento del Sitio.<br \/>10. Participar en cualquier uso automatizado del sistema, como el uso de secuencias de comandos para enviar comentarios o mensajes, o el uso de cualquier extracci\u00f3n de datos, robots o herramientas similares de recopilaci\u00f3n y extracci\u00f3n de datos.<br \/>11. Elimine el aviso de derechos de autor u otros derechos de propiedad de cualquier contenido.<br \/>12. Intentar hacerse pasar por otro usuario o persona o usar el nombre de usuario de otro usuario.<br \/>13. Cargar o transmitir (o intentar cargar o transmitir) cualquier material que act\u00fae como un mecanismo de transmisi\u00f3n o recopilaci\u00f3n de informaci\u00f3n pasiva o activa, incluidos, entre otros, formatos de intercambio de gr\u00e1ficos claros (&quot;gif&quot;), 1 \u00d7 1 p\u00edxeles, web bugs , cookies u otros dispositivos similares (a veces denominados &quot;spyware&quot; o &quot;mecanismos de recopilaci\u00f3n pasiva&quot; o &quot;pcms&quot;).<br \/>14. Interferir, interrumpir o crear una carga indebida en el Sitio o las redes o servicios conectados al Sitio.<br \/>15. Acosar, molestar, intimidar o amenazar a cualquiera de nuestros empleados o agentes involucrados en proporcionarle cualquier parte del Sitio.<br \/>16. Intentar eludir cualquier medida del Sitio dise\u00f1ada para prevenir o restringir el acceso al Sitio, o cualquier parte del Sitio.<br \/>17. Copiar o adaptar el software del Sitio, incluidos, entre otros, Flash, PHP, HTML, JavaScript u otro c\u00f3digo.<br \/>18. Salvo que lo permita la ley aplicable, descifrar, descompilar, desensamblar o realizar ingenier\u00eda inversa del software que comprende o de alguna manera forma parte del Sitio.<br \/>19. Salvo que pueda ser el resultado del uso de un motor de b\u00fasqueda est\u00e1ndar o un navegador de Internet, use, inicie, desarrolle o distribuya cualquier sistema automatizado, incluidos, entre otros, cualquier ara\u00f1a, robot, herramienta de trampa, raspador o lector fuera de l\u00ednea que acceda al Sitio. , o usar o ejecutar cualquier script u otro software no autorizado.<br \/>20. Utilizar un agente de compras o un agente de compras para realizar compras en el Sitio.<br \/>21. Hacer cualquier uso no autorizado del Sitio, incluida la recopilaci\u00f3n de nombres de usuario y\/o direcciones de correo electr\u00f3nico de los usuarios por medios electr\u00f3nicos o de otro tipo con el fin de enviar correos electr\u00f3nicos no solicitados o crear cuentas de usuario por medios automatizados o bajo pretextos falsos.<br \/>22. Usar el Sitio como parte de cualquier esfuerzo para competir con nosotros o usar el Sitio y\/o el Contenido para cualquier esfuerzo de generaci\u00f3n de ingresos o empresa comercial.<\/p><p>CONTRIBUCIONES GENERADAS POR LOS USUARIOS El Sitio no ofrece a los usuarios enviar o publicar contenido. Podemos brindarle la oportunidad de crear, enviar, publicar, exhibir, transmitir, realizar, publicar, distribuir o transmitir contenido y materiales para nosotros o en el Sitio, incluidos, entre otros, texto, escritos, video, audio, fotograf\u00edas. , gr\u00e1ficos, comentarios, sugerencias o informaci\u00f3n personal u otro material (colectivamente, &quot;Contribuciones&quot;). Las contribuciones pueden ser visibles para otros usuarios del Sitio y a trav\u00e9s de sitios web de terceros. Como tal, cualquier Contribuci\u00f3n que transmita puede tratarse de acuerdo con la Pol\u00edtica de privacidad del sitio. Cuando crea o pone a disposici\u00f3n cualquier Contribuci\u00f3n, declara y garantiza que:<br \/>1. La creaci\u00f3n, distribuci\u00f3n, transmisi\u00f3n, exhibici\u00f3n p\u00fablica o ejecuci\u00f3n, y el acceso, la descarga o la copia de sus contribuciones no infringen ni infringir\u00e1n los derechos de propiedad, incluidos, entre otros, los derechos de autor, patentes, marcas registradas, secretos comerciales , o derechos morales de cualquier tercero.<br \/>2. Usted es el creador y propietario de o tiene las licencias, los derechos, los consentimientos, las liberaciones y los permisos necesarios para usar y autorizarnos a nosotros, al Sitio y a otros usuarios del Sitio a usar sus contribuciones de cualquier manera contemplada por el Sitio. y estos T\u00e9rminos de uso.<br \/>3. Tiene el consentimiento por escrito, liberaci\u00f3n y\/o permiso de todas y cada una de las personas individuales identificables en sus contribuciones para usar el nombre o la imagen de todas y cada una de esas personas individuales identificables para permitir la inclusi\u00f3n y el uso de sus Contribuciones de cualquier manera contemplada. por el Sitio y estos T\u00e9rminos de uso.<br \/>4. Sus Contribuciones no son falsas, inexactas o enga\u00f1osas.<br \/>5. Sus Contribuciones no son publicidad no solicitada o no autorizada, materiales promocionales, esquemas piramidales, cartas en cadena, spam, correos masivos u otras formas de solicitaci\u00f3n.<br \/>6. Sus Contribuciones no son obscenas, lascivas, lascivas, sucias, violentas, acosadoras, difamatorias, difamatorias o de otro modo objetables (seg\u00fan lo determinemos nosotros).<br \/>7. Sus Contribuciones no ridiculizan, burlan, menosprecian, intimidan ni abusan de nadie.<br \/>8. Sus Contribuciones no se utilizan para acosar o amenazar (en el sentido legal de esos t\u00e9rminos) a ninguna otra persona ni para promover la violencia contra una persona o clase de personas espec\u00edficas.<br \/>9. Sus Contribuciones no violan ninguna ley, regulaci\u00f3n o regla aplicable.<br \/>10. Sus Contribuciones no violan los derechos de privacidad o publicidad de ning\u00fan tercero.<br \/>11. Sus Contribuciones no violan ninguna ley aplicable con respecto a la pornograf\u00eda infantil, ni tienen la intenci\u00f3n de proteger la salud o el bienestar de los menores.<br \/>12. Sus Contribuciones no incluyen ning\u00fan comentario ofensivo relacionado con la raza, el origen nacional, el g\u00e9nero, la preferencia sexual o la discapacidad f\u00edsica.<br \/>13. Sus Contribuciones no violan de otra manera, ni se vinculan a material que viola, ninguna disposici\u00f3n de estos T\u00e9rminos de uso, o cualquier ley o regulaci\u00f3n aplicable.<br \/>Cualquier uso del Sitio en violaci\u00f3n de lo anterior viola estos T\u00e9rminos de uso y puede resultar, entre otras cosas, en la terminaci\u00f3n o suspensi\u00f3n de sus derechos de uso del Sitio. Cualquier uso del Sitio en violaci\u00f3n de lo anterior viola estos T\u00e9rminos de uso y puede resultar, entre otras cosas, en la terminaci\u00f3n o suspensi\u00f3n de sus derechos de uso del Sitio.<\/p><p><br \/>LICENCIA DE CONTRIBUCI\u00d3N Usted y el Sitio aceptan que podemos acceder, almacenar, procesar y usar cualquier informaci\u00f3n y datos personales que proporcione siguiendo los t\u00e9rminos de la Pol\u00edtica de privacidad y sus elecciones (incluida la configuraci\u00f3n). Al enviar sugerencias u otros comentarios sobre el Sitio, usted acepta que podemos usar y compartir dichos comentarios para cualquier prop\u00f3sito sin compensaci\u00f3n para usted. No afirmamos ninguna propiedad sobre sus Contribuciones. Usted conserva la propiedad total de todas sus contribuciones y cualquier derecho de propiedad intelectual u otros derechos de propiedad asociados con sus contribuciones. No somos responsables de ninguna declaraci\u00f3n o representaci\u00f3n en sus contribuciones proporcionadas por usted en cualquier \u00e1rea del Sitio. Usted es el \u00fanico responsable de sus contribuciones al Sitio y acepta expresamente eximirnos de toda responsabilidad y abstenerse de cualquier acci\u00f3n legal contra nosotros con respecto a sus Contribuciones.<\/p><p><br \/>ENV\u00cdOS Usted reconoce y acepta que cualquier pregunta, comentario, sugerencia, idea, retroalimentaci\u00f3n u otra informaci\u00f3n relacionada con el Sitio (&quot;Env\u00edos&quot;) que nos proporcione no son confidenciales y se convertir\u00e1n en nuestra propiedad exclusiva. Seremos propietarios de los derechos exclusivos, incluidos todos los derechos de propiedad intelectual, y tendremos derecho al uso y la difusi\u00f3n sin restricciones de estos Env\u00edos para cualquier fin l\u00edcito, comercial o de otro tipo, sin reconocimiento ni compensaci\u00f3n para usted. Por la presente, renuncia a todos los derechos morales sobre dichos Env\u00edos, y por la presente garantiza que dichos Env\u00edos son originales suyos o que tiene derecho a enviar dichos Env\u00edos. Usted acepta que no habr\u00e1 recurso contra nosotros por cualquier infracci\u00f3n o apropiaci\u00f3n indebida supuesta o real de cualquier derecho de propiedad en sus Env\u00edos.<\/p><p><br \/>ADMINISTRACI\u00d3N DEL SITIO Nos reservamos el derecho, pero no la obligaci\u00f3n, de: (1) monitorear el Sitio en busca de violaciones de estos T\u00e9rminos de uso; (2) emprender las acciones legales correspondientes contra cualquier persona que, a nuestro exclusivo criterio, infrinja la ley o estos T\u00e9rminos de uso, lo que incluye, entre otros, denunciar a dicho usuario ante las autoridades encargadas de hacer cumplir la ley; (3) a nuestro exclusivo criterio y sin limitaci\u00f3n, rechazar, restringir el acceso, limitar la disponibilidad o deshabilitar (en la medida en que sea tecnol\u00f3gicamente posible) cualquiera de sus contribuciones o cualquier parte de las mismas; (4) a nuestro exclusivo criterio y sin limitaci\u00f3n, aviso o responsabilidad, para eliminar del Sitio o deshabilitar todos los archivos y contenido que sean de tama\u00f1o excesivo o que de alguna manera sean una carga para nuestros sistemas; y (5) administrar el Sitio de una manera dise\u00f1ada para proteger nuestros derechos y propiedad y para facilitar el funcionamiento adecuado del Sitio.<\/p><p><br \/>PLAZO Y TERMINACI\u00d3N Estos T\u00e9rminos de uso permanecer\u00e1n en pleno vigor y efecto mientras utilice el Sitio. SIN LIMITAR NINGUNA OTRA DISPOSICI\u00d3N DE ESTOS T\u00c9RMINOS DE USO, NOS RESERVAMOS EL DERECHO DE, A NUESTRA \u00daNICA DISCRECI\u00d3N Y SIN AVISO NI RESPONSABILIDAD, NEGAR EL ACCESO Y EL USO DEL SITIO (INCLUYENDO EL BLOQUEO DE CIERTAS DIRECCIONES IP), A CUALQUIER PERSONA POR CUALQUIER MOTIVO O POR NING\u00daN MOTIVO, INCLUYENDO SIN LIMITACI\u00d3N EL INCUMPLIMIENTO DE CUALQUIER DECLARACI\u00d3N, GARANT\u00cdA O CONVENIO CONTENIDO EN ESTOS T\u00c9RMINOS DE USO O DE CUALQUIER LEY O REGULACI\u00d3N APLICABLE. PODEMOS TERMINAR SU USO O PARTICIPACI\u00d3N EN EL SITIO O ELIMINAR CUALQUIER CONTENIDO O INFORMACI\u00d3N QUE PUBLIQUE EN CUALQUIER MOMENTO, SIN AVISO, A NUESTRA \u00daNICA DISCRECI\u00d3N. Si cancelamos o suspendemos su cuenta por cualquier motivo, tiene prohibido registrarse y crear una nueva cuenta con su nombre, un nombre falso o prestado, o el nombre de un tercero, incluso si puede estar actuando en nombre del tercero. fiesta. Adem\u00e1s de rescindir o suspender su cuenta, nos reservamos el derecho de emprender las acciones legales correspondientes, incluidas, entre otras, las acciones de reparaci\u00f3n civil, penal y cautelar.<\/p><p><br \/>MODIFICACIONES E INTERRUPCIONES Nos reservamos el derecho de cambiar, modificar o eliminar el contenido del Sitio en cualquier momento o por cualquier motivo a nuestro exclusivo criterio y sin previo aviso. Sin embargo, no tenemos la obligaci\u00f3n de actualizar ninguna informaci\u00f3n en nuestro sitio. Tambi\u00e9n nos reservamos el derecho de modificar o descontinuar todo o parte del Sitio sin previo aviso en cualquier momento. No seremos responsables ante usted o cualquier tercero por cualquier modificaci\u00f3n, cambio de precio, suspensi\u00f3n o interrupci\u00f3n del Sitio. No podemos garantizar que el Sitio estar\u00e1 disponible en todo momento. Es posible que experimentemos problemas de hardware, software u otros, o que necesitemos realizar tareas de mantenimiento relacionadas con el Sitio, lo que provocar\u00e1 interrupciones, retrasos o errores. Nos reservamos el derecho de cambiar, revisar, actualizar, suspender, descontinuar o modificar el Sitio en cualquier momento o por cualquier motivo sin previo aviso. Usted acepta que no tenemos responsabilidad alguna por cualquier p\u00e9rdida, da\u00f1o o inconveniente causado por su incapacidad para acceder o utilizar el Sitio durante cualquier tiempo de inactividad o interrupci\u00f3n del Sitio. Nada en estos T\u00e9rminos de uso se interpretar\u00e1 como una obligaci\u00f3n para mantener y respaldar el Sitio o para proporcionar correcciones, actualizaciones o lanzamientos en relaci\u00f3n con el mismo.<\/p><p><br \/>VARIOS Estos T\u00e9rminos de uso y cualquier pol\u00edtica o regla operativa publicada por nosotros en el Sitio o con respecto al Sitio constituyen el acuerdo completo y el entendimiento entre usted y nosotros. Nuestra incapacidad para ejercer o hacer cumplir cualquier derecho o disposici\u00f3n de estos T\u00e9rminos de uso no operar\u00e1 como una renuncia a tal derecho o disposici\u00f3n. Estos T\u00e9rminos de uso operan en la mayor medida permitida por la ley. Podemos ceder cualquiera o todos nuestros derechos y obligaciones a otros en cualquier momento. No seremos responsables de ninguna p\u00e9rdida, da\u00f1o, demora o falta de acci\u00f3n causada por cualquier causa fuera de nuestro control razonable. Si se determina que alguna disposici\u00f3n o parte de una disposici\u00f3n de estos T\u00e9rminos de uso es ilegal, nula o inaplicable, esa disposici\u00f3n o parte de la disposici\u00f3n se considera separable de estos T\u00e9rminos de uso y no afecta la validez y aplicabilidad de cualquier disposici\u00f3n restante. provisiones. No existe una relaci\u00f3n de empresa conjunta, sociedad, empleo o agencia creada entre usted y nosotros como resultado de estos T\u00e9rminos de uso o el uso del Sitio. Usted acepta que estos T\u00e9rminos de uso no se interpretar\u00e1n en nuestra contra en virtud de haberlos redactado. Por la presente, renuncia a todas y cada una de las defensas que pueda tener en base a la forma electr\u00f3nica de estos T\u00e9rminos de uso y la falta de firma por parte de las partes para ejecutar estos T\u00e9rminos de uso.<\/p><p><br \/>CONT\u00c1CTENOS Para resolver una queja relacionada con el Sitio o para recibir m\u00e1s informaci\u00f3n sobre el uso del Sitio, cont\u00e1ctenos en: support@yusetoken.io<\/p>\t\t\t\t\t\t<\/div>\n\t\t\t\t<\/div>\n\t\t\t\t\t<\/div>\n\t\t<\/div>\n\t\t\t\t\t<\/div>\n\t\t<\/section>\n\t\t\t\t<\/div>","protected":false},"excerpt":{"rendered":"<p>Terms and Conditions TERMS OF USE Last updated on 16th September 2021 AGREEMENT TO TERMS These Terms of Use constitute a legally binding agreement made between you, whether personally or on behalf of an entity (\u201cyou\u201d) and (&#8220;Company,&#8221; &#8220;we,&#8221; &#8220;us,&#8221; or \u201cour\u201d), concerning your access to and use of theYUSE Token website as well as [&hellip;]<\/p>","protected":false},"author":2,"featured_media":0,"parent":0,"menu_order":0,"comment_status":"closed","ping_status":"closed","template":"","meta":{"inline_featured_image":false,"footnotes":""},"class_list":["post-6686","page","type-page","status-publish","hentry"],"_links":{"self":[{"href":"https:\/\/yusetoken.io\/es\/wp-json\/wp\/v2\/pages\/6686","targetHints":{"allow":["GET"]}}],"collection":[{"href":"https:\/\/yusetoken.io\/es\/wp-json\/wp\/v2\/pages"}],"about":[{"href":"https:\/\/yusetoken.io\/es\/wp-json\/wp\/v2\/types\/page"}],"author":[{"embeddable":true,"href":"https:\/\/yusetoken.io\/es\/wp-json\/wp\/v2\/users\/2"}],"replies":[{"embeddable":true,"href":"https:\/\/yusetoken.io\/es\/wp-json\/wp\/v2\/comments?post=6686"}],"version-history":[{"count":0,"href":"https:\/\/yusetoken.io\/es\/wp-json\/wp\/v2\/pages\/6686\/revisions"}],"wp:attachment":[{"href":"https:\/\/yusetoken.io\/es\/wp-json\/wp\/v2\/media?parent=6686"}],"curies":[{"name":"wp","href":"https:\/\/api.w.org\/{rel}","templated":true}]}}